{"id":10296,"date":"2023-12-05T23:48:20","date_gmt":"2023-12-05T21:48:20","guid":{"rendered":"https:\/\/fbhi.se\/anmalan-till-finger-natverket\/"},"modified":"2024-01-05T18:14:03","modified_gmt":"2024-01-05T16:14:03","slug":"anmalan-till-finger-natverket","status":"publish","type":"page","link":"https:\/\/fbhi.se\/sv\/anmalan-till-finger-natverket\/","title":{"rendered":"Anm\u00e4lan till FINGER-n\u00e4tverket"},"content":{"rendered":"[vc_row type=&#8221;full_width_background&#8221; full_screen_row_position=&#8221;middle&#8221; column_margin=&#8221;default&#8221; column_direction=&#8221;default&#8221; column_direction_tablet=&#8221;default&#8221; column_direction_phone=&#8221;default&#8221; scene_position=&#8221;center&#8221; top_padding=&#8221;30px&#8221; bottom_padding=&#8221;30px&#8221; text_color=&#8221;dark&#8221; text_align=&#8221;left&#8221; row_border_radius=&#8221;none&#8221; row_border_radius_applies=&#8221;bg&#8221; overflow=&#8221;visible&#8221; overlay_strength=&#8221;0.3&#8243; gradient_direction=&#8221;left_to_right&#8221; shape_divider_color=&#8221;#3452ff&#8221; shape_divider_position=&#8221;bottom&#8221; shape_divider_height=&#8221;40%&#8221; bg_image_animation=&#8221;none&#8221; shape_type=&#8221;straight_section&#8221; gradient_type=&#8221;default&#8221;][vc_column column_padding=&#8221;padding-2-percent&#8221; column_padding_tablet=&#8221;inherit&#8221; column_padding_phone=&#8221;inherit&#8221; column_padding_position=&#8221;all&#8221; column_element_direction_desktop=&#8221;default&#8221; column_element_spacing=&#8221;20px&#8221; desktop_text_alignment=&#8221;default&#8221; tablet_text_alignment=&#8221;default&#8221; phone_text_alignment=&#8221;default&#8221; background_color_opacity=&#8221;1&#8243; background_hover_color_opacity=&#8221;1&#8243; column_backdrop_filter=&#8221;none&#8221; column_shadow=&#8221;none&#8221; column_border_radius=&#8221;none&#8221; column_link_target=&#8221;_self&#8221; column_position=&#8221;default&#8221; gradient_direction=&#8221;left_to_right&#8221; overlay_strength=&#8221;0.3&#8243; width=&#8221;1\/1&#8243; tablet_width_inherit=&#8221;default&#8221; animation_type=&#8221;default&#8221; bg_image_animation=&#8221;none&#8221; border_type=&#8221;simple&#8221; column_border_width=&#8221;none&#8221; column_border_style=&#8221;solid&#8221; column_padding_type=&#8221;default&#8221; gradient_type=&#8221;default&#8221;][vc_row_inner equal_height=&#8221;yes&#8221; content_placement=&#8221;top&#8221; column_margin=&#8221;none&#8221; column_direction=&#8221;default&#8221; column_direction_tablet=&#8221;default&#8221; column_direction_phone=&#8221;default&#8221; text_align=&#8221;left&#8221; row_position=&#8221;default&#8221; row_position_tablet=&#8221;inherit&#8221; row_position_phone=&#8221;inherit&#8221; overflow=&#8221;visible&#8221; pointer_events=&#8221;all&#8221;][vc_column_inner column_padding=&#8221;no-extra-padding&#8221; column_padding_tablet=&#8221;inherit&#8221; column_padding_phone=&#8221;inherit&#8221; column_padding_position=&#8221;all&#8221; column_element_direction_desktop=&#8221;default&#8221; column_element_spacing=&#8221;0px&#8221; desktop_text_alignment=&#8221;default&#8221; tablet_text_alignment=&#8221;default&#8221; phone_text_alignment=&#8221;default&#8221; background_color_opacity=&#8221;1&#8243; background_hover_color_opacity=&#8221;1&#8243; column_backdrop_filter=&#8221;none&#8221; font_color=&#8221;#006885&#8243; column_shadow=&#8221;none&#8221; column_border_radius=&#8221;none&#8221; column_link_target=&#8221;_self&#8221; overflow=&#8221;visible&#8221; gradient_direction=&#8221;left_to_right&#8221; overlay_strength=&#8221;0.3&#8243; width=&#8221;1\/1&#8243; tablet_width_inherit=&#8221;default&#8221; animation_type=&#8221;default&#8221; bg_image_animation=&#8221;none&#8221; border_type=&#8221;simple&#8221; column_border_width=&#8221;none&#8221; column_border_style=&#8221;solid&#8221; column_padding_type=&#8221;default&#8221; gradient_type=&#8221;default&#8221;][vc_column_text el_class=&#8221;ComboH1+H2&#8243;]\n<h1>Bli medlem<\/h1>\n[\/vc_column_text][\/vc_column_inner][\/vc_row_inner][vc_row_inner equal_height=&#8221;yes&#8221; content_placement=&#8221;top&#8221; column_margin=&#8221;60px&#8221; column_direction=&#8221;default&#8221; column_direction_tablet=&#8221;default&#8221; column_direction_phone=&#8221;default&#8221; text_align=&#8221;left&#8221; row_position=&#8221;default&#8221; row_position_tablet=&#8221;inherit&#8221; row_position_phone=&#8221;inherit&#8221; overflow=&#8221;visible&#8221; pointer_events=&#8221;all&#8221;][vc_column_inner column_padding=&#8221;no-extra-padding&#8221; column_padding_tablet=&#8221;inherit&#8221; column_padding_phone=&#8221;inherit&#8221; column_padding_position=&#8221;all&#8221; column_element_direction_desktop=&#8221;default&#8221; column_element_spacing=&#8221;default&#8221; desktop_text_alignment=&#8221;default&#8221; tablet_text_alignment=&#8221;default&#8221; phone_text_alignment=&#8221;default&#8221; background_color_opacity=&#8221;1&#8243; background_hover_color_opacity=&#8221;1&#8243; column_backdrop_filter=&#8221;none&#8221; column_shadow=&#8221;none&#8221; column_border_radius=&#8221;none&#8221; column_link_target=&#8221;_self&#8221; overflow=&#8221;visible&#8221; gradient_direction=&#8221;left_to_right&#8221; overlay_strength=&#8221;0.3&#8243; width=&#8221;1\/1&#8243; tablet_width_inherit=&#8221;default&#8221; animation_type=&#8221;default&#8221; bg_image_animation=&#8221;none&#8221; border_type=&#8221;simple&#8221; column_border_width=&#8221;none&#8221; column_border_style=&#8221;solid&#8221; column_padding_type=&#8221;default&#8221; gradient_type=&#8221;default&#8221;][vc_column_text]<strong>Vill du vara med i FINGER-n\u00e4tverket?<br \/>\n<\/strong>Som medlem kommer du att bli inbjuden till seminarier och andra aktiviteter, f\u00f6r \u00f6kad kunskapsspridning om FINGER-modellen och m\u00f6jlighet till samarbete och erfarenhetsutbyte. Allt deltagande \u00e4r kostnadsfritt och frivilligt. Hur mycket du sj\u00e4lv deltar styrs helt av dina egna f\u00f6ruts\u00e4ttningar och m\u00f6jligheter. Du f\u00f6rbinder dig inte till n\u00e5gonting och du kan n\u00e4r som helst g\u00e5 ur n\u00e4tverket genom att mejla oss p\u00e5 <a href=\"mailto:info@fbhi.se\">info@fbhi.se<\/a>[\/vc_column_text][divider line_type=&#8221;Small Line&#8221; line_alignment=&#8221;default&#8221; line_thickness=&#8221;1&#8243; divider_color=&#8221;accent-color&#8221;][\/vc_column_inner][\/vc_row_inner]<style id=\"wpforms-css-vars-9458\">\n\t\t\t\t#wpforms-9458 {\n\t\t\t\t\n\t\t\t}\n\t\t\t<\/style><div class=\"wpforms-container wpforms-container-full wpforms-render-modern\" id=\"wpforms-9458\"><form id=\"wpforms-form-9458\" class=\"wpforms-validate wpforms-form wpforms-ajax-form\" data-formid=\"9458\" method=\"post\" enctype=\"multipart\/form-data\" action=\"\/sv\/wp-json\/wp\/v2\/pages\/10296\" data-token=\"43a081734c97553afcceab5772ccdb78\" data-token-time=\"1776945002\"><noscript class=\"wpforms-error-noscript\">Aktivera JavaScript i din webbl\u00e4sare f\u00f6r att fylla i formul\u00e4ret.<\/noscript><div id=\"wpforms-error-noscript\" style=\"display: none;\">Aktivera JavaScript i din webbl\u00e4sare f\u00f6r att fylla i formul\u00e4ret.<\/div><div class=\"wpforms-field-container\"><div id=\"wpforms-9458-field_40-container\" class=\"wpforms-field wpforms-field-content\" data-field-id=\"40\"><div id=\"wpforms-9458-field_40\" class=\"wpforms-field-medium wpforms-field-row\" aria-errormessage=\"wpforms-9458-field_40-error\"><h3>Anm\u00e4lan<\/h3>\n<div class=\"wpforms-field-content-display-frontend-clear\"><\/div><\/div><\/div><div id=\"wpforms-9458-field_42-container\" class=\"wpforms-field wpforms-field-checkbox\" data-field-id=\"42\"><fieldset><legend class=\"wpforms-field-label\">Bli medlem <span class=\"wpforms-required-label\" aria-hidden=\"true\">*<\/span><\/legend><ul id=\"wpforms-9458-field_42\" class=\"wpforms-field-required\" data-choice-limit=\"1\"><li class=\"choice-1 depth-1\"><input type=\"checkbox\" id=\"wpforms-9458-field_42_1\" data-rule-check-limit=\"true\" name=\"wpforms[fields][42][]\" value=\"Ja, jag vill bli medlem i FINGER-n\u00e4tverket\" aria-errormessage=\"wpforms-9458-field_42_1-error\" required ><label class=\"wpforms-field-label-inline\" for=\"wpforms-9458-field_42_1\">Ja, jag vill bli medlem i FINGER-n\u00e4tverket<\/label><\/li><\/ul><\/fieldset><\/div><div id=\"wpforms-9458-field_23-container\" class=\"wpforms-field wpforms-field-textarea\" data-field-id=\"23\"><label class=\"wpforms-field-label\" for=\"wpforms-9458-field_23\">Om du vill, ber\u00e4tta g\u00e4rna om dina behov och \u00f6nskem\u00e5l. Vad vill du h\u00f6ra mer om p\u00e5 seminarierna? Vilken information och vilket slags material beh\u00f6ver du? Andra kommentarer eller fr\u00e5gor?<\/label><textarea id=\"wpforms-9458-field_23\" class=\"wpforms-field-small\" name=\"wpforms[fields][23]\" aria-errormessage=\"wpforms-9458-field_23-error\" ><\/textarea><\/div><div id=\"wpforms-9458-field_46-container\" class=\"wpforms-field wpforms-field-content\" data-field-id=\"46\"><div id=\"wpforms-9458-field_46\" class=\"wpforms-field-medium wpforms-field-row\" aria-errormessage=\"wpforms-9458-field_46-error\"><h4>Kontaktuppgifter<\/h4>\n<div class=\"wpforms-field-content-display-frontend-clear\"><\/div><\/div><\/div><div id=\"wpforms-9458-field_26-container\" class=\"wpforms-field wpforms-field-text\" data-field-id=\"26\"><label class=\"wpforms-field-label\" for=\"wpforms-9458-field_26\">F\u00f6rnamn <span class=\"wpforms-required-label\" aria-hidden=\"true\">*<\/span><\/label><input type=\"text\" id=\"wpforms-9458-field_26\" class=\"wpforms-field-medium wpforms-field-required\" name=\"wpforms[fields][26]\" aria-errormessage=\"wpforms-9458-field_26-error\" required><\/div><div id=\"wpforms-9458-field_27-container\" class=\"wpforms-field wpforms-field-text\" data-field-id=\"27\"><label class=\"wpforms-field-label\" for=\"wpforms-9458-field_27\">Efternamn <span class=\"wpforms-required-label\" aria-hidden=\"true\">*<\/span><\/label><input type=\"text\" id=\"wpforms-9458-field_27\" class=\"wpforms-field-medium wpforms-field-required\" name=\"wpforms[fields][27]\" aria-errormessage=\"wpforms-9458-field_27-error\" required><\/div><div id=\"wpforms-9458-field_24-container\" class=\"wpforms-field wpforms-field-email\" data-field-id=\"24\"><label class=\"wpforms-field-label\" for=\"wpforms-9458-field_24\">E-postadress <span class=\"wpforms-required-label\" aria-hidden=\"true\">*<\/span><\/label><input type=\"email\" id=\"wpforms-9458-field_24\" class=\"wpforms-field-medium wpforms-field-required\" name=\"wpforms[fields][24]\" spellcheck=\"false\" aria-errormessage=\"wpforms-9458-field_24-error\" required><\/div><div id=\"wpforms-9458-field_21-container\" class=\"wpforms-field wpforms-field-text\" data-field-id=\"21\"><label class=\"wpforms-field-label\" for=\"wpforms-9458-field_21\">Titel\/Ansvarsomr\u00e5de <span class=\"wpforms-required-label\" aria-hidden=\"true\">*<\/span><\/label><input type=\"text\" id=\"wpforms-9458-field_21\" class=\"wpforms-field-medium wpforms-field-required\" name=\"wpforms[fields][21]\" aria-errormessage=\"wpforms-9458-field_21-error\" required><\/div><div id=\"wpforms-9458-field_4-container\" class=\"wpforms-field wpforms-field-text\" data-field-id=\"4\"><label class=\"wpforms-field-label\" for=\"wpforms-9458-field_4\">Organisation <span class=\"wpforms-required-label\" aria-hidden=\"true\">*<\/span><\/label><input type=\"text\" id=\"wpforms-9458-field_4\" class=\"wpforms-field-medium wpforms-field-required\" name=\"wpforms[fields][4]\" aria-errormessage=\"wpforms-9458-field_4-error\" aria-describedby=\"wpforms-9458-field_4-description\" required><div id=\"wpforms-9458-field_4-description\" class=\"wpforms-field-description\">F\u00f6r kommunanst\u00e4llda \u00e4r det kommunens namn som efterfr\u00e5gas.<\/div><\/div><div id=\"wpforms-9458-field_25-container\" class=\"wpforms-field wpforms-field-text\" data-field-id=\"25\"><label class=\"wpforms-field-label\" for=\"wpforms-9458-field_25\">Avdelning\/Enhet<\/label><input type=\"text\" id=\"wpforms-9458-field_25\" class=\"wpforms-field-medium\" name=\"wpforms[fields][25]\" aria-errormessage=\"wpforms-9458-field_25-error\" ><\/div><div id=\"wpforms-9458-field_30-container\" class=\"wpforms-field wpforms-field-content\" data-field-id=\"30\"><div id=\"wpforms-9458-field_30\" class=\"wpforms-field-medium wpforms-field-row\" aria-errormessage=\"wpforms-9458-field_30-error\"><h5><strong>Behandling av personuppgifter <\/strong><\/h5>\n<p>De uppgifter du l\u00e4mnar ovan kommer att sparas och anv\u00e4ndas av FINGERS Brain Health Institute (FBHI) i kommunikation som r\u00f6r FINGER-n\u00e4tverket och relaterade aktiviteter. Vissa av uppgifterna kommer ocks\u00e5 att delges v\u00e5ra medarrang\u00f6rer vid olika tillf\u00e4llen, men inte sparas hos medarrang\u00f6rer.<\/p>\n<p>Genom att mejla oss p\u00e5 <a href=\"mailto:info@fbhi.se\" title=\"Email FBHI\">info@fbhi.se<\/a> kan du n\u00e4r som helst be att f\u00e5 se vilka uppgifter vi har sparat. Du kan ocks\u00e5 n\u00e4r som helst be oss ta bort eller \u00e4ndra uppgifterna.<\/p>\n<div class=\"wpforms-field-content-display-frontend-clear\"><\/div><\/div><\/div><div id=\"wpforms-9458-field_32-container\" class=\"wpforms-field wpforms-field-gdpr-checkbox\" data-field-id=\"32\"><label class=\"wpforms-field-label\">Medgivande om hantering av personuppgifter <span class=\"wpforms-required-label\" aria-hidden=\"true\">*<\/span><\/label><ul id=\"wpforms-9458-field_32\" class=\"wpforms-field-required\"><li class=\"choice-1\"><input type=\"checkbox\" id=\"wpforms-9458-field_32_1\" name=\"wpforms[fields][32][]\" value=\"Jag godk\u00e4nner att FBHI sparar mina uppgifter i enlighet med vad som beskrivs ovan\" aria-errormessage=\"wpforms-9458-field_32_1-error\" required ><label class=\"wpforms-field-label-inline\" for=\"wpforms-9458-field_32_1\">Jag godk\u00e4nner att FBHI sparar mina uppgifter i enlighet med vad som beskrivs ovan<\/label><\/li><\/ul><\/div><\/div><!-- .wpforms-field-container --><div class=\"wpforms-submit-container\" ><input type=\"hidden\" name=\"wpforms[id]\" value=\"9458\"><input type=\"hidden\" name=\"page_title\" value=\"\"><input type=\"hidden\" name=\"page_url\" value=\"https:\/\/fbhi.se\/sv\/wp-json\/wp\/v2\/pages\/10296\"><input type=\"hidden\" name=\"url_referer\" value=\"\"><button type=\"submit\" name=\"wpforms[submit]\" id=\"wpforms-submit-9458\" class=\"wpforms-submit\" data-alt-text=\"Skickar...\" data-submit-text=\"Skicka\" aria-live=\"assertive\" value=\"wpforms-submit\">Skicka<\/button><img loading=\"lazy\" decoding=\"async\" src=\"https:\/\/fbhi.se\/wp-content\/plugins\/wpforms\/assets\/images\/submit-spin.svg\" class=\"wpforms-submit-spinner\" style=\"display: none;\" width=\"26\" height=\"26\" alt=\"Laddar\"><\/div><\/form><\/div>  <!-- .wpforms-container -->[vc_column_text]Mejla oss g\u00e4rna p\u00e5 <a href=\"mailto:info@fbhi.se\">info@fbhi.se<\/a> om du har n\u00e5gra fr\u00e5gor![\/vc_column_text][\/vc_column][\/vc_row]\n","protected":false},"excerpt":{"rendered":"<p>[vc_row type=&#8221;full_width_background&#8221; full_screen_row_position=&#8221;middle&#8221; column_margin=&#8221;default&#8221; column_direction=&#8221;default&#8221; column_direction_tablet=&#8221;default&#8221; column_direction_phone=&#8221;default&#8221; scene_position=&#8221;center&#8221; top_padding=&#8221;30px&#8221; bottom_padding=&#8221;30px&#8221; text_color=&#8221;dark&#8221; text_align=&#8221;left&#8221; row_border_radius=&#8221;none&#8221; row_border_radius_applies=&#8221;bg&#8221; overflow=&#8221;visible&#8221; overlay_strength=&#8221;0.3&#8243; gradient_direction=&#8221;left_to_right&#8221; shape_divider_color=&#8221;#3452ff&#8221; shape_divider_position=&#8221;bottom&#8221; shape_divider_height=&#8221;40%&#8221; bg_image_animation=&#8221;none&#8221; shape_type=&#8221;straight_section&#8221; gradient_type=&#8221;default&#8221;][vc_column column_padding=&#8221;padding-2-percent&#8221; column_padding_tablet=&#8221;inherit&#8221; column_padding_phone=&#8221;inherit&#8221; column_padding_position=&#8221;all&#8221; column_element_direction_desktop=&#8221;default&#8221; column_element_spacing=&#8221;20px&#8221; desktop_text_alignment=&#8221;default&#8221;&#8230;<\/p>\n","protected":false},"author":2,"featured_media":0,"parent":0,"menu_order":0,"comment_status":"closed","ping_status":"closed","template":"","meta":{"_acf_changed":false,"_monsterinsights_skip_tracking":false,"_monsterinsights_sitenote_active":false,"_monsterinsights_sitenote_note":"","_monsterinsights_sitenote_category":0,"footnotes":""},"class_list":["post-10296","page","type-page","status-publish"],"acf":[],"aioseo_notices":[],"_links":{"self":[{"href":"https:\/\/fbhi.se\/sv\/wp-json\/wp\/v2\/pages\/10296","targetHints":{"allow":["GET"]}}],"collection":[{"href":"https:\/\/fbhi.se\/sv\/wp-json\/wp\/v2\/pages"}],"about":[{"href":"https:\/\/fbhi.se\/sv\/wp-json\/wp\/v2\/types\/page"}],"author":[{"embeddable":true,"href":"https:\/\/fbhi.se\/sv\/wp-json\/wp\/v2\/users\/2"}],"replies":[{"embeddable":true,"href":"https:\/\/fbhi.se\/sv\/wp-json\/wp\/v2\/comments?post=10296"}],"version-history":[{"count":2,"href":"https:\/\/fbhi.se\/sv\/wp-json\/wp\/v2\/pages\/10296\/revisions"}],"predecessor-version":[{"id":10298,"href":"https:\/\/fbhi.se\/sv\/wp-json\/wp\/v2\/pages\/10296\/revisions\/10298"}],"wp:attachment":[{"href":"https:\/\/fbhi.se\/sv\/wp-json\/wp\/v2\/media?parent=10296"}],"curies":[{"name":"wp","href":"https:\/\/api.w.org\/{rel}","templated":true}]}}