{"id":10420,"date":"2023-11-21T10:49:29","date_gmt":"2023-11-21T08:49:29","guid":{"rendered":"https:\/\/fbhi.se\/online-seminarium-28-november\/"},"modified":"2024-02-06T12:21:52","modified_gmt":"2024-02-06T10:21:52","slug":"online-seminarium-6-februari-2024","status":"publish","type":"page","link":"https:\/\/fbhi.se\/sv\/online-seminarium-6-februari-2024\/","title":{"rendered":"Online-seminarium 6 februari 2024"},"content":{"rendered":"[vc_row type=&#8221;full_width_background&#8221; full_screen_row_position=&#8221;middle&#8221; column_margin=&#8221;default&#8221; column_direction=&#8221;default&#8221; column_direction_tablet=&#8221;default&#8221; column_direction_phone=&#8221;default&#8221; scene_position=&#8221;center&#8221; top_padding=&#8221;30px&#8221; bottom_padding=&#8221;30px&#8221; text_color=&#8221;dark&#8221; text_align=&#8221;left&#8221; row_border_radius=&#8221;none&#8221; row_border_radius_applies=&#8221;bg&#8221; overflow=&#8221;visible&#8221; overlay_strength=&#8221;0.3&#8243; gradient_direction=&#8221;left_to_right&#8221; shape_divider_color=&#8221;#3452ff&#8221; shape_divider_position=&#8221;bottom&#8221; shape_divider_height=&#8221;40%&#8221; bg_image_animation=&#8221;none&#8221; shape_type=&#8221;straight_section&#8221; gradient_type=&#8221;default&#8221;][vc_column column_padding=&#8221;padding-2-percent&#8221; column_padding_tablet=&#8221;inherit&#8221; column_padding_phone=&#8221;inherit&#8221; column_padding_position=&#8221;all&#8221; column_element_direction_desktop=&#8221;default&#8221; column_element_spacing=&#8221;20px&#8221; desktop_text_alignment=&#8221;default&#8221; tablet_text_alignment=&#8221;default&#8221; phone_text_alignment=&#8221;default&#8221; background_color_opacity=&#8221;1&#8243; background_hover_color_opacity=&#8221;1&#8243; column_backdrop_filter=&#8221;none&#8221; column_shadow=&#8221;none&#8221; column_border_radius=&#8221;none&#8221; column_link_target=&#8221;_self&#8221; column_position=&#8221;default&#8221; gradient_direction=&#8221;left_to_right&#8221; overlay_strength=&#8221;0.3&#8243; width=&#8221;1\/1&#8243; tablet_width_inherit=&#8221;default&#8221; animation_type=&#8221;default&#8221; bg_image_animation=&#8221;none&#8221; border_type=&#8221;simple&#8221; column_border_width=&#8221;none&#8221; column_border_style=&#8221;solid&#8221; column_padding_type=&#8221;default&#8221; gradient_type=&#8221;default&#8221;][vc_row_inner equal_height=&#8221;yes&#8221; content_placement=&#8221;top&#8221; column_margin=&#8221;none&#8221; column_direction=&#8221;default&#8221; column_direction_tablet=&#8221;default&#8221; column_direction_phone=&#8221;default&#8221; text_align=&#8221;left&#8221; row_position=&#8221;default&#8221; row_position_tablet=&#8221;inherit&#8221; row_position_phone=&#8221;inherit&#8221; overflow=&#8221;visible&#8221; pointer_events=&#8221;all&#8221;][vc_column_inner column_padding=&#8221;no-extra-padding&#8221; column_padding_tablet=&#8221;inherit&#8221; column_padding_phone=&#8221;inherit&#8221; column_padding_position=&#8221;all&#8221; column_element_direction_desktop=&#8221;default&#8221; column_element_spacing=&#8221;0px&#8221; desktop_text_alignment=&#8221;default&#8221; tablet_text_alignment=&#8221;default&#8221; phone_text_alignment=&#8221;default&#8221; background_color_opacity=&#8221;1&#8243; background_hover_color_opacity=&#8221;1&#8243; column_backdrop_filter=&#8221;none&#8221; font_color=&#8221;#006885&#8243; column_shadow=&#8221;none&#8221; column_border_radius=&#8221;none&#8221; column_link_target=&#8221;_self&#8221; overflow=&#8221;visible&#8221; gradient_direction=&#8221;left_to_right&#8221; overlay_strength=&#8221;0.3&#8243; width=&#8221;1\/1&#8243; tablet_width_inherit=&#8221;default&#8221; animation_type=&#8221;default&#8221; bg_image_animation=&#8221;none&#8221; border_type=&#8221;simple&#8221; column_border_width=&#8221;none&#8221; column_border_style=&#8221;solid&#8221; column_padding_type=&#8221;default&#8221; gradient_type=&#8221;default&#8221;][vc_column_text el_class=&#8221;ComboH1+H2&#8243;]\n<h1>Program<\/h1>\n[\/vc_column_text][vc_column_text]\n<h2>och anm\u00e4lan<\/h2>\n[\/vc_column_text][\/vc_column_inner][\/vc_row_inner][vc_row_inner equal_height=&#8221;yes&#8221; content_placement=&#8221;top&#8221; column_margin=&#8221;60px&#8221; column_direction=&#8221;default&#8221; column_direction_tablet=&#8221;default&#8221; column_direction_phone=&#8221;default&#8221; text_align=&#8221;left&#8221; row_position=&#8221;default&#8221; row_position_tablet=&#8221;inherit&#8221; row_position_phone=&#8221;inherit&#8221; overflow=&#8221;visible&#8221; pointer_events=&#8221;all&#8221;][vc_column_inner column_padding=&#8221;no-extra-padding&#8221; column_padding_tablet=&#8221;inherit&#8221; column_padding_phone=&#8221;inherit&#8221; column_padding_position=&#8221;all&#8221; column_element_direction_desktop=&#8221;default&#8221; column_element_spacing=&#8221;default&#8221; desktop_text_alignment=&#8221;default&#8221; tablet_text_alignment=&#8221;default&#8221; phone_text_alignment=&#8221;default&#8221; background_color_opacity=&#8221;1&#8243; background_hover_color_opacity=&#8221;1&#8243; column_backdrop_filter=&#8221;none&#8221; column_shadow=&#8221;none&#8221; column_border_radius=&#8221;none&#8221; column_link_target=&#8221;_self&#8221; overflow=&#8221;visible&#8221; gradient_direction=&#8221;left_to_right&#8221; overlay_strength=&#8221;0.3&#8243; width=&#8221;1\/1&#8243; tablet_width_inherit=&#8221;default&#8221; animation_type=&#8221;default&#8221; bg_image_animation=&#8221;none&#8221; border_type=&#8221;simple&#8221; column_border_width=&#8221;none&#8221; column_border_style=&#8221;solid&#8221; column_padding_type=&#8221;default&#8221; gradient_type=&#8221;default&#8221;][vc_column_text]\n<h3><strong>FINGER-seminarium<br \/>\n<\/strong><\/h3>\n<h4><span data-contrast=\"none\"><strong>Online-seminarium f\u00f6r inbjudna kommuner, v\u00e5rdgivare och beslutsfattare<\/strong><\/span><br \/>\n<strong><span data-contrast=\"none\">6 februari 2024 kl 13-15<\/span><\/strong><\/h4>\n[\/vc_column_text][\/vc_column_inner][\/vc_row_inner][vc_row_inner equal_height=&#8221;yes&#8221; content_placement=&#8221;top&#8221; column_margin=&#8221;60px&#8221; column_direction=&#8221;default&#8221; column_direction_tablet=&#8221;default&#8221; column_direction_phone=&#8221;default&#8221; text_align=&#8221;left&#8221; row_position=&#8221;default&#8221; row_position_tablet=&#8221;inherit&#8221; row_position_phone=&#8221;inherit&#8221; overflow=&#8221;visible&#8221; pointer_events=&#8221;all&#8221;][vc_column_inner column_padding=&#8221;no-extra-padding&#8221; column_padding_tablet=&#8221;inherit&#8221; column_padding_phone=&#8221;inherit&#8221; column_padding_position=&#8221;all&#8221; column_element_direction_desktop=&#8221;default&#8221; column_element_spacing=&#8221;default&#8221; desktop_text_alignment=&#8221;default&#8221; tablet_text_alignment=&#8221;default&#8221; phone_text_alignment=&#8221;default&#8221; background_color_opacity=&#8221;1&#8243; background_hover_color_opacity=&#8221;1&#8243; column_backdrop_filter=&#8221;none&#8221; column_shadow=&#8221;none&#8221; column_border_radius=&#8221;none&#8221; column_link_target=&#8221;_self&#8221; overflow=&#8221;visible&#8221; gradient_direction=&#8221;left_to_right&#8221; overlay_strength=&#8221;0.3&#8243; width=&#8221;1\/2&#8243; tablet_width_inherit=&#8221;default&#8221; animation_type=&#8221;default&#8221; bg_image_animation=&#8221;none&#8221; border_type=&#8221;simple&#8221; column_border_width=&#8221;none&#8221; column_border_style=&#8221;solid&#8221; column_padding_type=&#8221;default&#8221; gradient_type=&#8221;default&#8221;][vc_column_text]\n<h4>Program<\/h4>\n<ul>\n<li><span style=\"color: #000000;\"><strong>Introduktion<\/strong><\/span><br \/>\n<em>Annika Norell Benson, FINGERS Brain Health Institute<br \/>\n<\/em><\/li>\n<li><span style=\"color: #000000;\"><strong>Kognitiv sjukdom mitt i livet<\/strong><\/span><br \/>\n<em>Malin Asp\u00f6, Karolinska Universitetssjukhuset<\/em><\/li>\n<li><span style=\"color: #000000;\"><strong>Hj\u00e4rt- och k\u00e4rlfaktorer f\u00f6r demensprevention<\/strong><\/span><br \/>\n<em>Carolina Meius, Karolinska Universitetssjukhuset<\/em><\/li>\n<li><strong>Paus, <\/strong>ca 13.50-14.00<\/li>\n<li><strong>FINGER inom prim\u00e4rv\u00e5rden: STRONGER 60+<br \/>\n<\/strong><em>Charlotta Thunborg, Karolinska Institutet<\/em><\/li>\n<li><span style=\"color: #000000;\"><strong>Fysisk aktivitet inom Tr\u00e4na hj\u00e4rna-programmet<\/strong><\/span><br \/>\n<em>Elin Larsson, Caroline W\u00e4ngberg och Sofie Silfversw\u00e4rd, Liding\u00f6 stad<\/em><\/li>\n<li><span style=\"color: #000000;\"><strong>Fr\u00e5gestund<\/strong><\/span><\/li>\n<\/ul>\n[\/vc_column_text][vc_column_text]\n<h4>Anm\u00e4lan<\/h4>\n<p>Anm\u00e4lan \u00e4r st\u00e4ngd.[\/vc_column_text][\/vc_column_inner][vc_column_inner column_padding=&#8221;no-extra-padding&#8221; column_padding_tablet=&#8221;inherit&#8221; column_padding_phone=&#8221;inherit&#8221; column_padding_position=&#8221;all&#8221; column_element_direction_desktop=&#8221;default&#8221; column_element_spacing=&#8221;default&#8221; desktop_text_alignment=&#8221;default&#8221; tablet_text_alignment=&#8221;default&#8221; phone_text_alignment=&#8221;default&#8221; background_color_opacity=&#8221;1&#8243; background_hover_color_opacity=&#8221;1&#8243; column_backdrop_filter=&#8221;none&#8221; column_shadow=&#8221;none&#8221; column_border_radius=&#8221;none&#8221; column_link_target=&#8221;_self&#8221; overflow=&#8221;visible&#8221; gradient_direction=&#8221;left_to_right&#8221; overlay_strength=&#8221;0.3&#8243; width=&#8221;1\/2&#8243; tablet_width_inherit=&#8221;default&#8221; animation_type=&#8221;default&#8221; bg_image_animation=&#8221;none&#8221; border_type=&#8221;simple&#8221; column_border_width=&#8221;none&#8221; column_border_style=&#8221;solid&#8221;][image_with_animation image_url=&#8221;9381&#8243; image_size=&#8221;full&#8221; animation_type=&#8221;entrance&#8221; animation=&#8221;slide-up&#8221; animation_easing=&#8221;default&#8221; animation_movement_type=&#8221;transform_y&#8221; hover_animation=&#8221;none&#8221; alignment=&#8221;center&#8221; border_radius=&#8221;20px&#8221; box_shadow=&#8221;none&#8221; image_loading=&#8221;skip-lazy-load&#8221; max_width=&#8221;100%&#8221; max_width_mobile=&#8221;default&#8221;][\/vc_column_inner][\/vc_row_inner][vc_column_text]\n<h5>L\u00e4s mer om oss som driver FINGER-n\u00e4tverket<\/h5>\n[\/vc_column_text][nectar_btn size=&#8221;medium&#8221; open_new_tab=&#8221;true&#8221; button_style=&#8221;see-through-2&#8243; color_override=&#8221;#006885&#8243; hover_text_color_override=&#8221;#ffffff&#8221; icon_family=&#8221;none&#8221; text=&#8221;Karolinska Institutet&#8221; url=&#8221;https:\/\/ki.se\/nvs\/centrum-for-alzheimerforskning&#8221;][nectar_btn size=&#8221;medium&#8221; open_new_tab=&#8221;true&#8221; button_style=&#8221;see-through-2&#8243; color_override=&#8221;#006885&#8243; hover_text_color_override=&#8221;#ffffff&#8221; icon_family=&#8221;none&#8221; text=&#8221;Liding\u00f6 stad (Tr\u00e4na hj\u00e4rna)&#8221; url=&#8221;https:\/\/lidingo.se\/toppmeny\/kulturfritid\/aktivsenior\/tranahjarnaforenbattrehjarnhalsa.4.7eae984b178b3edbb9514b2.html&#8221;][nectar_btn size=&#8221;medium&#8221; open_new_tab=&#8221;true&#8221; button_style=&#8221;see-through-2&#8243; color_override=&#8221;#006885&#8243; hover_text_color_override=&#8221;#ffffff&#8221; icon_family=&#8221;none&#8221; text=&#8221;Svenskt Demenscentrum&#8221; url=&#8221;https:\/\/demenscentrum.se\/&#8221;][nectar_btn size=&#8221;medium&#8221; open_new_tab=&#8221;true&#8221; button_style=&#8221;see-through-2&#8243; color_override=&#8221;#006885&#8243; hover_text_color_override=&#8221;#ffffff&#8221; icon_family=&#8221;none&#8221; text=&#8221;FINGERS Brain Health Institute (FBHI)&#8221; url=&#8221;fbhi.se&#8221;][\/vc_column][\/vc_row]\n","protected":false},"excerpt":{"rendered":"<p>[vc_row type=&#8221;full_width_background&#8221; full_screen_row_position=&#8221;middle&#8221; column_margin=&#8221;default&#8221; column_direction=&#8221;default&#8221; column_direction_tablet=&#8221;default&#8221; column_direction_phone=&#8221;default&#8221; scene_position=&#8221;center&#8221; top_padding=&#8221;30px&#8221; bottom_padding=&#8221;30px&#8221; text_color=&#8221;dark&#8221; text_align=&#8221;left&#8221; row_border_radius=&#8221;none&#8221; row_border_radius_applies=&#8221;bg&#8221; overflow=&#8221;visible&#8221; overlay_strength=&#8221;0.3&#8243; gradient_direction=&#8221;left_to_right&#8221; shape_divider_color=&#8221;#3452ff&#8221; shape_divider_position=&#8221;bottom&#8221; shape_divider_height=&#8221;40%&#8221; bg_image_animation=&#8221;none&#8221; shape_type=&#8221;straight_section&#8221; gradient_type=&#8221;default&#8221;][vc_column column_padding=&#8221;padding-2-percent&#8221; column_padding_tablet=&#8221;inherit&#8221; column_padding_phone=&#8221;inherit&#8221; column_padding_position=&#8221;all&#8221; column_element_direction_desktop=&#8221;default&#8221; column_element_spacing=&#8221;20px&#8221; desktop_text_alignment=&#8221;default&#8221;&#8230;<\/p>\n","protected":false},"author":2,"featured_media":0,"parent":0,"menu_order":0,"comment_status":"closed","ping_status":"closed","template":"","meta":{"_acf_changed":false,"_monsterinsights_skip_tracking":false,"_monsterinsights_sitenote_active":false,"_monsterinsights_sitenote_note":"","_monsterinsights_sitenote_category":0,"footnotes":""},"class_list":["post-10420","page","type-page","status-publish"],"acf":[],"aioseo_notices":[],"_links":{"self":[{"href":"https:\/\/fbhi.se\/sv\/wp-json\/wp\/v2\/pages\/10420","targetHints":{"allow":["GET"]}}],"collection":[{"href":"https:\/\/fbhi.se\/sv\/wp-json\/wp\/v2\/pages"}],"about":[{"href":"https:\/\/fbhi.se\/sv\/wp-json\/wp\/v2\/types\/page"}],"author":[{"embeddable":true,"href":"https:\/\/fbhi.se\/sv\/wp-json\/wp\/v2\/users\/2"}],"replies":[{"embeddable":true,"href":"https:\/\/fbhi.se\/sv\/wp-json\/wp\/v2\/comments?post=10420"}],"version-history":[{"count":16,"href":"https:\/\/fbhi.se\/sv\/wp-json\/wp\/v2\/pages\/10420\/revisions"}],"predecessor-version":[{"id":10735,"href":"https:\/\/fbhi.se\/sv\/wp-json\/wp\/v2\/pages\/10420\/revisions\/10735"}],"wp:attachment":[{"href":"https:\/\/fbhi.se\/sv\/wp-json\/wp\/v2\/media?parent=10420"}],"curies":[{"name":"wp","href":"https:\/\/api.w.org\/{rel}","templated":true}]}}