{"id":11066,"date":"2024-05-20T12:33:49","date_gmt":"2024-05-20T10:33:49","guid":{"rendered":"https:\/\/fbhi.se\/kommunala-program\/"},"modified":"2024-05-23T22:26:17","modified_gmt":"2024-05-23T20:26:17","slug":"en-stark-hjarnkar-i-lund","status":"publish","type":"page","link":"https:\/\/fbhi.se\/sv\/en-stark-hjarnkar-i-lund\/","title":{"rendered":"Hj\u00e4rnk\u00e5ren i Lund"},"content":{"rendered":"[vc_row type=&#8221;full_width_background&#8221; full_screen_row_position=&#8221;middle&#8221; column_margin=&#8221;default&#8221; column_direction=&#8221;default&#8221; column_direction_tablet=&#8221;default&#8221; column_direction_phone=&#8221;default&#8221; scene_position=&#8221;center&#8221; top_padding=&#8221;30px&#8221; bottom_padding=&#8221;30px&#8221; text_color=&#8221;dark&#8221; text_align=&#8221;left&#8221; row_border_radius=&#8221;none&#8221; row_border_radius_applies=&#8221;bg&#8221; overflow=&#8221;visible&#8221; overlay_strength=&#8221;0.3&#8243; gradient_direction=&#8221;left_to_right&#8221; shape_divider_color=&#8221;#3452ff&#8221; shape_divider_position=&#8221;bottom&#8221; shape_divider_height=&#8221;40%&#8221; bg_image_animation=&#8221;none&#8221; shape_type=&#8221;straight_section&#8221; gradient_type=&#8221;default&#8221;][vc_column column_padding=&#8221;padding-2-percent&#8221; column_padding_tablet=&#8221;inherit&#8221; column_padding_phone=&#8221;inherit&#8221; column_padding_position=&#8221;all&#8221; column_element_direction_desktop=&#8221;default&#8221; column_element_spacing=&#8221;20px&#8221; desktop_text_alignment=&#8221;default&#8221; tablet_text_alignment=&#8221;default&#8221; phone_text_alignment=&#8221;default&#8221; background_color_opacity=&#8221;1&#8243; background_hover_color_opacity=&#8221;1&#8243; column_backdrop_filter=&#8221;none&#8221; column_shadow=&#8221;none&#8221; column_border_radius=&#8221;none&#8221; column_link_target=&#8221;_self&#8221; column_position=&#8221;default&#8221; gradient_direction=&#8221;left_to_right&#8221; overlay_strength=&#8221;0.3&#8243; width=&#8221;1\/1&#8243; tablet_width_inherit=&#8221;default&#8221; animation_type=&#8221;default&#8221; bg_image_animation=&#8221;none&#8221; border_type=&#8221;simple&#8221; column_border_width=&#8221;none&#8221; column_border_style=&#8221;solid&#8221; column_padding_type=&#8221;default&#8221; gradient_type=&#8221;default&#8221;][vc_row_inner equal_height=&#8221;yes&#8221; content_placement=&#8221;top&#8221; column_margin=&#8221;none&#8221; column_direction=&#8221;default&#8221; column_direction_tablet=&#8221;default&#8221; column_direction_phone=&#8221;default&#8221; text_align=&#8221;left&#8221; row_position=&#8221;default&#8221; row_position_tablet=&#8221;inherit&#8221; row_position_phone=&#8221;inherit&#8221; overflow=&#8221;visible&#8221; pointer_events=&#8221;all&#8221;][vc_column_inner column_padding=&#8221;no-extra-padding&#8221; column_padding_tablet=&#8221;inherit&#8221; column_padding_phone=&#8221;inherit&#8221; column_padding_position=&#8221;all&#8221; column_element_direction_desktop=&#8221;default&#8221; column_element_spacing=&#8221;0px&#8221; desktop_text_alignment=&#8221;default&#8221; tablet_text_alignment=&#8221;default&#8221; phone_text_alignment=&#8221;default&#8221; background_color_opacity=&#8221;1&#8243; background_hover_color_opacity=&#8221;1&#8243; column_backdrop_filter=&#8221;none&#8221; font_color=&#8221;#006885&#8243; column_shadow=&#8221;none&#8221; column_border_radius=&#8221;none&#8221; column_link_target=&#8221;_self&#8221; overflow=&#8221;visible&#8221; gradient_direction=&#8221;left_to_right&#8221; overlay_strength=&#8221;0.3&#8243; width=&#8221;1\/1&#8243; tablet_width_inherit=&#8221;default&#8221; animation_type=&#8221;default&#8221; bg_image_animation=&#8221;none&#8221; border_type=&#8221;simple&#8221; column_border_width=&#8221;none&#8221; column_border_style=&#8221;solid&#8221; column_padding_type=&#8221;default&#8221; gradient_type=&#8221;default&#8221;][vc_column_text el_class=&#8221;ComboH1+H2&#8243;]\n<h1>Lunds kommun har<\/h1>\n[\/vc_column_text][vc_column_text]\n<h2>en stark Hj\u00e4rnk\u00e5r<\/h2>\n[\/vc_column_text][\/vc_column_inner][\/vc_row_inner][vc_row_inner equal_height=&#8221;yes&#8221; content_placement=&#8221;top&#8221; column_margin=&#8221;60px&#8221; column_direction=&#8221;default&#8221; column_direction_tablet=&#8221;default&#8221; column_direction_phone=&#8221;default&#8221; text_align=&#8221;left&#8221; row_position=&#8221;default&#8221; row_position_tablet=&#8221;inherit&#8221; row_position_phone=&#8221;inherit&#8221; overflow=&#8221;visible&#8221; pointer_events=&#8221;all&#8221;][vc_column_inner column_padding=&#8221;no-extra-padding&#8221; column_padding_tablet=&#8221;inherit&#8221; column_padding_phone=&#8221;inherit&#8221; column_padding_position=&#8221;all&#8221; column_element_direction_desktop=&#8221;default&#8221; column_element_spacing=&#8221;default&#8221; desktop_text_alignment=&#8221;default&#8221; tablet_text_alignment=&#8221;default&#8221; phone_text_alignment=&#8221;default&#8221; background_color_opacity=&#8221;1&#8243; background_hover_color_opacity=&#8221;1&#8243; column_backdrop_filter=&#8221;none&#8221; column_shadow=&#8221;none&#8221; column_border_radius=&#8221;none&#8221; column_link_target=&#8221;_self&#8221; overflow=&#8221;visible&#8221; gradient_direction=&#8221;left_to_right&#8221; overlay_strength=&#8221;0.3&#8243; width=&#8221;2\/3&#8243; tablet_width_inherit=&#8221;default&#8221; animation_type=&#8221;default&#8221; bg_image_animation=&#8221;none&#8221; border_type=&#8221;simple&#8221; column_border_width=&#8221;none&#8221; column_border_style=&#8221;solid&#8221; column_padding_type=&#8221;default&#8221; gradient_type=&#8221;default&#8221;][vc_column_text]<strong>Allt fler kommuner b\u00f6rjar planera FINGER-inspirerade program. Ett utm\u00e4rkt exempel \u00e4r Lunds kommun, med 130 000 inv\u00e5nare, d\u00e4r man redan tagit de f\u00f6rsta stora stegen och kommit ig\u00e5ng med en imponerande m\u00e4ngd aktiviteter f\u00f6r sina seniora medborgare.<\/strong><\/p>\n<p>En av kommunens demenssjuksk\u00f6terskor, Elin Nilsson, ber\u00e4ttar att id\u00e9n f\u00f6ddes under en f\u00f6rel\u00e4sning med professor Miia Kivipelto v\u00e5ren 2023. Elin var p\u00e5 plats tillsammans med sina kollegor, enhetschef Cecilia Voss Johansson och demenssjuksk\u00f6terskan Pia Johnson, och de b\u00f6rjade genast skissa p\u00e5 ett lokalt livsstilsprogram f\u00f6r att f\u00f6rebygga kognitiv svikt bland sina \u00e4ldre. Senare under h\u00f6sten, n\u00e4r kollegan och fysioterapeuten Maria Svensson Rathonyi fick sin Silvia-certifiering, blev hon en sj\u00e4lvklar projektledare f\u00f6r planerna.<\/p>\n<h4><strong>Alla fem \u201dfingrarna\u201d p\u00e5 programmet<\/strong><\/h4>\n<p>Programmet Hj\u00e4rnk\u00e5ren b\u00f6rjade ta form, och i november startade de f\u00f6rsta aktiviteterna. Man ordnade dansaktiviteter i samarbete med Studief\u00f6rbundet Vuxenskolan, konsttr\u00e4ffar tillsammans med Lunds konsthall, och gemensamma promenader. Programmet v\u00e4xer stadigt och omfattar nu \u00e4ven hj\u00e4rngympa, spel och pyssel p\u00e5 kommunernas tr\u00e4ffpunkter, anpassade tr\u00e4ningspass p\u00e5 gym och utegym, vattengympa, gemensamt arbete p\u00e5 en odlingslott, samt akvarellm\u00e5lning som leds av en person som sj\u00e4lv nyligen f\u00e5tt sin Alzheimers-diagnos. Genom v\u00e5rdprojektet God och N\u00e4ra V\u00e5rd erbjuds regelbundna h\u00e4lsokontroller.<\/p>\n<p>Som huvudansvarig f\u00f6r Hj\u00e4rnk\u00e5ren samordnar Maria arbetet och leder all fysisk aktivitet. Tillsammans med Elin och Pia h\u00e5ller hon ocks\u00e5 f\u00f6rel\u00e4sningar om FINGER-modellen, b\u00e5de \u00f6vergripande och \u201dfinger-specifika\u201d, dvs enskilt inriktade p\u00e5 \u201dfingrarna\u201d kost, fysisk aktivitet, kognitiv tr\u00e4ning, sociala aktiviteter och hj\u00e4rt- och k\u00e4rlh\u00e4lsa. Man v\u00e4lkomnar alla kommuninv\u00e5nare<span class=\"cf0\"> som upplever kognitiv svikt eller \u00e4r i en tidig fas av kognitiv sjukdom<\/span>. Den enda f\u00f6ruts\u00e4ttningen \u00e4r att man ska kunna ta sig till och fr\u00e5n aktiviteter p\u00e5 egen hand. Till f\u00f6rel\u00e4sningarna f\u00e5r man g\u00e4rna ta med sig sina anh\u00f6riga. Projektgruppen har ocks\u00e5 tagit fram en broschyr per \u201dfinger\u201d, som delas ut p\u00e5 m\u00f6tesplatserna och v\u00e5rdcentralerna.<\/p>\n<h4><strong>Starkt st\u00f6d fr\u00e5n kommunledningen<\/strong><\/h4>\n<p>Vissa aktiviteter h\u00e5lls som sagt i kommunens tr\u00e4ffpunkter, och hos samarbetspartners, men lokalfr\u00e5gan \u00e4r en utmaning just nu. Det finns idag elva tr\u00e4ffpunkter i kommunen, samt en digital tr\u00e4ffpunkt som visar f\u00f6rel\u00e4sningar. Fram\u00f6ver hoppas man f\u00e5 tillg\u00e5ng till fler m\u00f6tesplatser.<\/p>\n<p>Elin ber\u00e4ttar att Hj\u00e4rnk\u00e5ren har starkt st\u00f6d fr\u00e5n kommunledningen, som f\u00f6rst\u00e5r att aktiviteter ger stora h\u00e4lsof\u00f6rdelar f\u00f6r inv\u00e5narna redan nu, och samh\u00e4lleliga vinster f\u00f6r kommunen p\u00e5 sikt. Redan nu ser man exempelvis hur kommunernas dagverksamheter avlastas genom att seniora inv\u00e5nare har fler valm\u00f6jligheter. Man talar om r\u00e4tt personer p\u00e5 r\u00e4tt plats, s\u00e5 att kommunens resurser anv\u00e4nds mer effektivt. Omd\u00f6mena och reaktionerna bland inv\u00e5narna \u00e4r oerh\u00f6rt positiva.\u00a0 Fram\u00f6ver planeras n\u00e5gon form av m\u00e4tningar, s\u00e5 att man p\u00e5 ett strukturerat s\u00e4tt kan utv\u00e4rdera programmets effekt p\u00e5 h\u00e4lsa, livskvalitet och sj\u00e4lvst\u00e4ndighet.<\/p>\n<h4><strong>Hoppas p\u00e5 vidgat samarbete<\/strong><\/h4>\n<p>Man f\u00f6r ocks\u00e5 diskussioner med lokala gym och andra n\u00e4ringsidkare, samt olika enheter inom kommunen, f\u00f6r att kunna bredda utbudet inom Hj\u00e4rnk\u00e5ren. V\u00e5rens stora event blir tr\u00e4ffen p\u00e5 en kursg\u00e5rd utanf\u00f6r Lund, d\u00e4r man r\u00e4knar med ett hundratal deltagare som vill h\u00f6ra f\u00f6rel\u00e4sningar, \u00e4ta tillsammans och delta i gemensamma aktiviteter.<\/p>\n<h4><strong>Grundarbetet \u00e4r viktigt<\/strong><\/h4>\n<p>S\u00e5 vilka r\u00e5d ger Elin kommuner som vill komma ig\u00e5ng med FINGER-inspirerade aktiviteter? \u201dGrundarbetet \u00e4r v\u00e4ldigt viktigt\u201d, s\u00e4ger hon. \u201dInnan ni startar, enas om vad ni vill g\u00f6ra, hur och var det ska g\u00f6ras, och inte minst <em>varf\u00f6r <\/em>det ska g\u00f6ras. Best\u00e4m vem som ska leda arbetet och diskutera vilka akt\u00f6rer som kan engageras.\u201d<\/p>\n<p>Hon n\u00e4mner ocks\u00e5 att man m\u00e5ste v\u00e5ga starta, \u00e4ven om inte alla bitar \u00e4r p\u00e5 plats. I Lund v\u00e4ntade man inte p\u00e5 en slutlig l\u00f6sning av lokalfr\u00e5gan, utan startade med de f\u00f6ruts\u00e4ttningar man hade. Och redan nu, ett halv\u00e5r senare, ser vi hur v\u00e4l det fallit ut. Det ska bli sp\u00e4nnande att se Hj\u00e4rnk\u00e5ren v\u00e4xa sig allt starkare fram\u00f6ver![\/vc_column_text][nectar_btn size=&#8221;large&#8221; open_new_tab=&#8221;true&#8221; button_style=&#8221;see-through-2&#8243; color_override=&#8221;#006885&#8243; hover_color_override=&#8221;#006885&#8243; hover_text_color_override=&#8221;#ffffff&#8221; icon_family=&#8221;none&#8221; text=&#8221;L\u00e4s mer p\u00e5 Lunds kommuns hemsida&#8221; url=&#8221;https:\/\/lund.se\/omsorg-och-stod\/aldre-och-seniorer\/kognitiv-sjukdom-och-demens&#8221;][\/vc_column_inner][vc_column_inner column_padding=&#8221;no-extra-padding&#8221; column_padding_tablet=&#8221;inherit&#8221; column_padding_phone=&#8221;inherit&#8221; column_padding_position=&#8221;all&#8221; column_element_direction_desktop=&#8221;default&#8221; column_element_spacing=&#8221;default&#8221; desktop_text_alignment=&#8221;default&#8221; tablet_text_alignment=&#8221;default&#8221; phone_text_alignment=&#8221;default&#8221; background_color_opacity=&#8221;1&#8243; background_hover_color_opacity=&#8221;1&#8243; column_backdrop_filter=&#8221;none&#8221; column_shadow=&#8221;none&#8221; column_border_radius=&#8221;none&#8221; column_link_target=&#8221;_self&#8221; overflow=&#8221;visible&#8221; gradient_direction=&#8221;left_to_right&#8221; overlay_strength=&#8221;0.3&#8243; width=&#8221;1\/3&#8243; tablet_width_inherit=&#8221;default&#8221; animation_type=&#8221;default&#8221; bg_image_animation=&#8221;none&#8221; border_type=&#8221;simple&#8221; column_border_width=&#8221;none&#8221; column_border_style=&#8221;solid&#8221;][image_with_animation image_url=&#8221;11162&#8243; image_size=&#8221;full&#8221; animation_type=&#8221;entrance&#8221; animation=&#8221;None&#8221; animation_movement_type=&#8221;transform_y&#8221; hover_animation=&#8221;none&#8221; alignment=&#8221;&#8221; border_radius=&#8221;none&#8221; box_shadow=&#8221;none&#8221; image_loading=&#8221;default&#8221; max_width=&#8221;100%&#8221; max_width_mobile=&#8221;default&#8221;][vc_column_text]Gemensamma promenader[\/vc_column_text][image_with_animation image_url=&#8221;11160&#8243; image_size=&#8221;full&#8221; animation_type=&#8221;entrance&#8221; animation=&#8221;None&#8221; animation_movement_type=&#8221;transform_y&#8221; hover_animation=&#8221;none&#8221; alignment=&#8221;&#8221; border_radius=&#8221;none&#8221; box_shadow=&#8221;none&#8221; image_loading=&#8221;default&#8221; max_width=&#8221;100%&#8221; max_width_mobile=&#8221;default&#8221;][vc_column_text]Vattengympa[\/vc_column_text][image_with_animation image_url=&#8221;11164&#8243; image_size=&#8221;full&#8221; animation_type=&#8221;entrance&#8221; animation=&#8221;None&#8221; animation_movement_type=&#8221;transform_y&#8221; hover_animation=&#8221;none&#8221; alignment=&#8221;&#8221; border_radius=&#8221;none&#8221; box_shadow=&#8221;none&#8221; image_loading=&#8221;default&#8221; max_width=&#8221;100%&#8221; max_width_mobile=&#8221;default&#8221;][vc_column_text]Konstaktivitet[\/vc_column_text][image_with_animation image_url=&#8221;11070&#8243; image_size=&#8221;full&#8221; animation_type=&#8221;entrance&#8221; animation=&#8221;slide-up&#8221; animation_easing=&#8221;default&#8221; animation_movement_type=&#8221;transform_y&#8221; hover_animation=&#8221;none&#8221; alignment=&#8221;center&#8221; border_radius=&#8221;20px&#8221; box_shadow=&#8221;none&#8221; image_loading=&#8221;skip-lazy-load&#8221; max_width=&#8221;100%&#8221; max_width_mobile=&#8221;default&#8221;][vc_column_text]<strong>Projektteamet:\u00a0<\/strong>Maria Svensson Rathonyi, Elin Nilsson, Cecilia Voss Johansson, Pia Johnson[\/vc_column_text][\/vc_column_inner][\/vc_row_inner][\/vc_column][\/vc_row]\n","protected":false},"excerpt":{"rendered":"<p>[vc_row type=&#8221;full_width_background&#8221; full_screen_row_position=&#8221;middle&#8221; column_margin=&#8221;default&#8221; column_direction=&#8221;default&#8221; column_direction_tablet=&#8221;default&#8221; column_direction_phone=&#8221;default&#8221; scene_position=&#8221;center&#8221; top_padding=&#8221;30px&#8221; bottom_padding=&#8221;30px&#8221; text_color=&#8221;dark&#8221; text_align=&#8221;left&#8221; row_border_radius=&#8221;none&#8221; row_border_radius_applies=&#8221;bg&#8221; overflow=&#8221;visible&#8221; overlay_strength=&#8221;0.3&#8243; gradient_direction=&#8221;left_to_right&#8221; shape_divider_color=&#8221;#3452ff&#8221; shape_divider_position=&#8221;bottom&#8221; shape_divider_height=&#8221;40%&#8221; bg_image_animation=&#8221;none&#8221; shape_type=&#8221;straight_section&#8221; gradient_type=&#8221;default&#8221;][vc_column column_padding=&#8221;padding-2-percent&#8221; column_padding_tablet=&#8221;inherit&#8221; column_padding_phone=&#8221;inherit&#8221; column_padding_position=&#8221;all&#8221; column_element_direction_desktop=&#8221;default&#8221; column_element_spacing=&#8221;20px&#8221; desktop_text_alignment=&#8221;default&#8221;&#8230;<\/p>\n","protected":false},"author":2,"featured_media":0,"parent":0,"menu_order":0,"comment_status":"closed","ping_status":"closed","template":"","meta":{"_acf_changed":false,"_monsterinsights_skip_tracking":false,"_monsterinsights_sitenote_active":false,"_monsterinsights_sitenote_note":"","_monsterinsights_sitenote_category":0,"footnotes":""},"class_list":["post-11066","page","type-page","status-publish"],"acf":[],"aioseo_notices":[],"_links":{"self":[{"href":"https:\/\/fbhi.se\/sv\/wp-json\/wp\/v2\/pages\/11066","targetHints":{"allow":["GET"]}}],"collection":[{"href":"https:\/\/fbhi.se\/sv\/wp-json\/wp\/v2\/pages"}],"about":[{"href":"https:\/\/fbhi.se\/sv\/wp-json\/wp\/v2\/types\/page"}],"author":[{"embeddable":true,"href":"https:\/\/fbhi.se\/sv\/wp-json\/wp\/v2\/users\/2"}],"replies":[{"embeddable":true,"href":"https:\/\/fbhi.se\/sv\/wp-json\/wp\/v2\/comments?post=11066"}],"version-history":[{"count":26,"href":"https:\/\/fbhi.se\/sv\/wp-json\/wp\/v2\/pages\/11066\/revisions"}],"predecessor-version":[{"id":11190,"href":"https:\/\/fbhi.se\/sv\/wp-json\/wp\/v2\/pages\/11066\/revisions\/11190"}],"wp:attachment":[{"href":"https:\/\/fbhi.se\/sv\/wp-json\/wp\/v2\/media?parent=11066"}],"curies":[{"name":"wp","href":"https:\/\/api.w.org\/{rel}","templated":true}]}}