{"id":11131,"date":"2024-05-23T18:29:00","date_gmt":"2024-05-23T16:29:00","guid":{"rendered":"https:\/\/fbhi.se\/trana-hjarna-2\/"},"modified":"2025-01-28T17:26:16","modified_gmt":"2025-01-28T15:26:16","slug":"deltagare-trana-hjarna","status":"publish","type":"page","link":"https:\/\/fbhi.se\/sv\/deltagare-trana-hjarna\/","title":{"rendered":"Tr\u00e4na hj\u00e4rna"},"content":{"rendered":"[vc_row type=&#8221;full_width_background&#8221; full_screen_row_position=&#8221;middle&#8221; column_margin=&#8221;default&#8221; column_direction=&#8221;default&#8221; column_direction_tablet=&#8221;default&#8221; column_direction_phone=&#8221;default&#8221; scene_position=&#8221;center&#8221; top_padding=&#8221;30px&#8221; bottom_padding=&#8221;30px&#8221; text_color=&#8221;dark&#8221; text_align=&#8221;left&#8221; row_border_radius=&#8221;none&#8221; row_border_radius_applies=&#8221;bg&#8221; overflow=&#8221;visible&#8221; overlay_strength=&#8221;0.3&#8243; gradient_direction=&#8221;left_to_right&#8221; shape_divider_color=&#8221;#3452ff&#8221; shape_divider_position=&#8221;bottom&#8221; shape_divider_height=&#8221;40%&#8221; bg_image_animation=&#8221;none&#8221; shape_type=&#8221;straight_section&#8221; gradient_type=&#8221;default&#8221;][vc_column column_padding=&#8221;padding-2-percent&#8221; column_padding_tablet=&#8221;inherit&#8221; column_padding_phone=&#8221;inherit&#8221; column_padding_position=&#8221;all&#8221; column_element_direction_desktop=&#8221;default&#8221; column_element_spacing=&#8221;20px&#8221; desktop_text_alignment=&#8221;default&#8221; tablet_text_alignment=&#8221;default&#8221; phone_text_alignment=&#8221;default&#8221; background_color_opacity=&#8221;1&#8243; background_hover_color_opacity=&#8221;1&#8243; column_backdrop_filter=&#8221;none&#8221; column_shadow=&#8221;none&#8221; column_border_radius=&#8221;none&#8221; column_link_target=&#8221;_self&#8221; column_position=&#8221;default&#8221; gradient_direction=&#8221;left_to_right&#8221; overlay_strength=&#8221;0.3&#8243; width=&#8221;1\/1&#8243; tablet_width_inherit=&#8221;default&#8221; animation_type=&#8221;default&#8221; bg_image_animation=&#8221;none&#8221; border_type=&#8221;simple&#8221; column_border_width=&#8221;none&#8221; column_border_style=&#8221;solid&#8221; column_padding_type=&#8221;default&#8221; gradient_type=&#8221;default&#8221;][vc_row_inner equal_height=&#8221;yes&#8221; content_placement=&#8221;top&#8221; column_margin=&#8221;none&#8221; column_direction=&#8221;default&#8221; column_direction_tablet=&#8221;default&#8221; column_direction_phone=&#8221;default&#8221; text_align=&#8221;left&#8221; row_position=&#8221;default&#8221; row_position_tablet=&#8221;inherit&#8221; row_position_phone=&#8221;inherit&#8221; overflow=&#8221;visible&#8221; pointer_events=&#8221;all&#8221;][vc_column_inner column_padding=&#8221;no-extra-padding&#8221; column_padding_tablet=&#8221;inherit&#8221; column_padding_phone=&#8221;inherit&#8221; column_padding_position=&#8221;all&#8221; column_element_direction_desktop=&#8221;default&#8221; column_element_spacing=&#8221;0px&#8221; desktop_text_alignment=&#8221;default&#8221; tablet_text_alignment=&#8221;default&#8221; phone_text_alignment=&#8221;default&#8221; background_color_opacity=&#8221;1&#8243; background_hover_color_opacity=&#8221;1&#8243; column_backdrop_filter=&#8221;none&#8221; font_color=&#8221;#006885&#8243; column_shadow=&#8221;none&#8221; column_border_radius=&#8221;none&#8221; column_link_target=&#8221;_self&#8221; overflow=&#8221;visible&#8221; gradient_direction=&#8221;left_to_right&#8221; overlay_strength=&#8221;0.3&#8243; width=&#8221;1\/1&#8243; tablet_width_inherit=&#8221;default&#8221; animation_type=&#8221;default&#8221; bg_image_animation=&#8221;none&#8221; border_type=&#8221;simple&#8221; column_border_width=&#8221;none&#8221; column_border_style=&#8221;solid&#8221; column_padding_type=&#8221;default&#8221; gradient_type=&#8221;default&#8221;][vc_column_text el_class=&#8221;ComboH1+H2&#8243;]\n<h1>Vad Tr\u00e4na hj\u00e4rna<\/h1>\n[\/vc_column_text][vc_column_text]\n<h2>har betytt<\/h2>\n[\/vc_column_text][\/vc_column_inner][\/vc_row_inner][vc_row_inner equal_height=&#8221;yes&#8221; content_placement=&#8221;top&#8221; column_margin=&#8221;60px&#8221; column_direction=&#8221;default&#8221; column_direction_tablet=&#8221;default&#8221; column_direction_phone=&#8221;default&#8221; text_align=&#8221;left&#8221; row_position=&#8221;default&#8221; row_position_tablet=&#8221;inherit&#8221; row_position_phone=&#8221;inherit&#8221; overflow=&#8221;visible&#8221; pointer_events=&#8221;all&#8221;][vc_column_inner column_padding=&#8221;no-extra-padding&#8221; column_padding_tablet=&#8221;inherit&#8221; column_padding_phone=&#8221;inherit&#8221; column_padding_position=&#8221;all&#8221; column_element_direction_desktop=&#8221;default&#8221; column_element_spacing=&#8221;default&#8221; desktop_text_alignment=&#8221;default&#8221; tablet_text_alignment=&#8221;default&#8221; phone_text_alignment=&#8221;default&#8221; background_color_opacity=&#8221;1&#8243; background_hover_color_opacity=&#8221;1&#8243; column_backdrop_filter=&#8221;none&#8221; column_shadow=&#8221;none&#8221; column_border_radius=&#8221;none&#8221; column_link_target=&#8221;_self&#8221; overflow=&#8221;visible&#8221; gradient_direction=&#8221;left_to_right&#8221; overlay_strength=&#8221;0.3&#8243; width=&#8221;2\/3&#8243; tablet_width_inherit=&#8221;default&#8221; animation_type=&#8221;default&#8221; bg_image_animation=&#8221;none&#8221; border_type=&#8221;simple&#8221; column_border_width=&#8221;none&#8221; column_border_style=&#8221;solid&#8221; column_padding_type=&#8221;default&#8221; gradient_type=&#8221;default&#8221;][vc_column_text]<strong>N\u00e5gra fr\u00e5gor till&#8230;<\/strong><\/p>\n<p><strong>Anna Baltyn-Hamilton, 80 \u00e5r, deltagare i andra omg\u00e5ngen av Tr\u00e4na hj\u00e4rna, Liding\u00f6 stad<\/strong><\/p>\n<p><em><strong>Hur kom det sig att du s\u00f6kte till Tr\u00e4na Hj\u00e4rna?<\/strong><br \/>\n<\/em>Under hela mitt liv har jag levt f\u00f6r andra och inte fokuserat s\u00e5 mycket p\u00e5 mig sj\u00e4lv. Jag var ett av fyra syskon, arbetade som l\u00e4rare och de sista \u00e5ren tog jag hand om min make som var sjuk. N\u00e4r han gick bort k\u00e4nde jag mig mycket d\u00e5lig. Jag upplevde att mitt minne var p\u00e5verkat, hade sv\u00e5rt att komma ih\u00e5g spr\u00e5k som jag tidigare kunnat. Jag k\u00e4nde mig deprimerad, orkesl\u00f6s, men ville inte g\u00e5 till l\u00e4karen f\u00f6r att f\u00e5 medicinering.<\/p>\n<p>Av en slump var jag en dag p\u00e5 biblioteket i Liding\u00f6 stadshus. I den intilliggande f\u00f6rel\u00e4sningssalen str\u00f6mmade m\u00e4nniskor i min \u00e5lder in. Jag gick in och satte mig. Det var en av Tr\u00e4na hj\u00e4rnas storf\u00f6rel\u00e4sningar och jag blev s\u00e5 f\u00f6rtjust, b\u00e5de i inneh\u00e5llet och f\u00f6redragsh\u00e5llaren, som jag sedan f\u00f6rstod var samordnare f\u00f6r Tr\u00e4na hj\u00e4rna. Det var personligt, pedagogiskt och v\u00e4ckte n\u00e5got i mig. Jag fick information om att kunna bes\u00f6ka M\u00f6tesplats centrum, en tr\u00e4ffpunkt i Liding\u00f6 stadshus f\u00f6r seniorer, och anm\u00e4la mig till n\u00e4sta omg\u00e5ng av Tr\u00e4na hj\u00e4rna, vilket jag gjorde.<\/p>\n<p><em><strong>Vad har programmet betytt f\u00f6r dig hittills?<\/strong><br \/>\n<\/em>Jag upplever att jag har f\u00e5tt livet tillbaka. Jag har kommit tillbaka till mig sj\u00e4lv och det finns inte ord som kan beskriva detta. Jag \u00e4r i ett socialt sammanhang, har n\u00e5gon att prata med, kan ta en kopp kaffe, utv\u00e4xla leenden. Det var l\u00e4nge jag inte hade n\u00e5got att g\u00f6ra. Ingen mening, men nu har jag det. Det sociala livet \u00e4r s\u00e5 viktigt. Att kunna komma till M\u00f6tesplats centrum \u00e4r s\u00e5 viktigt. D\u00e4r kan jag spela schack b\u00e5de f\u00f6r att h\u00e5lla hj\u00e4rnan ig\u00e5ng men ocks\u00e5 f\u00f6r det relationella.<\/p>\n<p><em><strong>Har du kunnat se n\u00e5gra f\u00f6r\u00e4ndringar i ditt liv redan?<\/strong><br \/>\n<\/em>Jag upplever mig starkare, hittar nya muskler och g\u00f6r r\u00f6relser varje dag som v\u00e5r tr\u00e4nare visat s\u00e5 fint. Nu har jag \u00e4ven b\u00f6rjat p\u00e5 yoga. Har aldrig gjort detta tidigare, men att v\u00e4nda mig in\u00e5t i mig sj\u00e4lv k\u00e4nns viktigt.<\/p>\n<p>Jag k\u00e4nner mig inte tr\u00f6tt l\u00e4ngre och mitt minne har kommit \u00e5ter. Att f\u00e5 vara i detta sammanhang med engagerade ledare \u00e4r fantastiskt. Engagerade m\u00e4nniskor beh\u00f6vs, som kan plocka fram det goda hos andra, att vi kan lita p\u00e5 varandra och hj\u00e4lpa varandra. Jag \u00f6nskar att detta sprids till hela Sverige!<\/p>\n<p><em>Ber\u00e4ttat f\u00f6r Katarina Ruben Ahl\u00e9n, enhetschef F\u00f6rebyggande st\u00f6d, Liding\u00f6 stad<\/em>[\/vc_column_text][nectar_btn size=&#8221;large&#8221; open_new_tab=&#8221;true&#8221; button_style=&#8221;see-through-2&#8243; color_override=&#8221;#006885&#8243; hover_color_override=&#8221;#006885&#8243; hover_text_color_override=&#8221;#ffffff&#8221; icon_family=&#8221;none&#8221; text=&#8221;L\u00e4s mer p\u00e5 Liding\u00f6 stads hemsida&#8221; url=&#8221;https:\/\/www.lidingo.se\/toppmeny\/kulturfritid\/aktivsenior\/tranahjarnaforenbattrehjarnhalsa&#8221;][\/vc_column_inner][vc_column_inner column_padding=&#8221;no-extra-padding&#8221; column_padding_tablet=&#8221;inherit&#8221; column_padding_phone=&#8221;inherit&#8221; column_padding_position=&#8221;all&#8221; column_element_direction_desktop=&#8221;default&#8221; column_element_spacing=&#8221;default&#8221; desktop_text_alignment=&#8221;default&#8221; tablet_text_alignment=&#8221;default&#8221; phone_text_alignment=&#8221;default&#8221; background_color_opacity=&#8221;1&#8243; background_hover_color_opacity=&#8221;1&#8243; column_backdrop_filter=&#8221;none&#8221; column_shadow=&#8221;none&#8221; column_border_radius=&#8221;none&#8221; column_link_target=&#8221;_self&#8221; overflow=&#8221;visible&#8221; gradient_direction=&#8221;left_to_right&#8221; overlay_strength=&#8221;0.3&#8243; width=&#8221;1\/3&#8243; tablet_width_inherit=&#8221;default&#8221; animation_type=&#8221;default&#8221; bg_image_animation=&#8221;none&#8221; border_type=&#8221;simple&#8221; column_border_width=&#8221;none&#8221; column_border_style=&#8221;solid&#8221;][divider line_type=&#8221;No Line&#8221;][vc_column_text]\n<blockquote>\n<p>&#8221;Jag upplever att jag f\u00e5tt livet tillbaka.&#8221;<\/p>\n<\/blockquote>\n[\/vc_column_text][divider line_type=&#8221;No Line&#8221;][image_with_animation image_url=&#8221;11137&#8243; image_size=&#8221;full&#8221; animation_type=&#8221;entrance&#8221; animation=&#8221;slide-up&#8221; animation_easing=&#8221;default&#8221; animation_movement_type=&#8221;transform_y&#8221; hover_animation=&#8221;none&#8221; alignment=&#8221;center&#8221; border_radius=&#8221;20px&#8221; box_shadow=&#8221;none&#8221; image_loading=&#8221;skip-lazy-load&#8221; max_width=&#8221;100%&#8221; max_width_mobile=&#8221;default&#8221;][vc_column_text]<em>Anna med Elin Larsson, samordnare f\u00f6r Tr\u00e4na hj\u00e4rna<\/em>[\/vc_column_text][\/vc_column_inner][\/vc_row_inner][\/vc_column][\/vc_row]\n","protected":false},"excerpt":{"rendered":"<p>[vc_row type=&#8221;full_width_background&#8221; full_screen_row_position=&#8221;middle&#8221; column_margin=&#8221;default&#8221; column_direction=&#8221;default&#8221; column_direction_tablet=&#8221;default&#8221; column_direction_phone=&#8221;default&#8221; scene_position=&#8221;center&#8221; top_padding=&#8221;30px&#8221; bottom_padding=&#8221;30px&#8221; text_color=&#8221;dark&#8221; text_align=&#8221;left&#8221; row_border_radius=&#8221;none&#8221; row_border_radius_applies=&#8221;bg&#8221; overflow=&#8221;visible&#8221; overlay_strength=&#8221;0.3&#8243; gradient_direction=&#8221;left_to_right&#8221; shape_divider_color=&#8221;#3452ff&#8221; shape_divider_position=&#8221;bottom&#8221; shape_divider_height=&#8221;40%&#8221; bg_image_animation=&#8221;none&#8221; shape_type=&#8221;straight_section&#8221; gradient_type=&#8221;default&#8221;][vc_column column_padding=&#8221;padding-2-percent&#8221; column_padding_tablet=&#8221;inherit&#8221; column_padding_phone=&#8221;inherit&#8221; column_padding_position=&#8221;all&#8221; column_element_direction_desktop=&#8221;default&#8221; column_element_spacing=&#8221;20px&#8221; desktop_text_alignment=&#8221;default&#8221;&#8230;<\/p>\n","protected":false},"author":2,"featured_media":0,"parent":0,"menu_order":0,"comment_status":"closed","ping_status":"closed","template":"","meta":{"_acf_changed":false,"_monsterinsights_skip_tracking":false,"_monsterinsights_sitenote_active":false,"_monsterinsights_sitenote_note":"","_monsterinsights_sitenote_category":0,"footnotes":""},"class_list":["post-11131","page","type-page","status-publish"],"acf":[],"aioseo_notices":[],"_links":{"self":[{"href":"https:\/\/fbhi.se\/sv\/wp-json\/wp\/v2\/pages\/11131","targetHints":{"allow":["GET"]}}],"collection":[{"href":"https:\/\/fbhi.se\/sv\/wp-json\/wp\/v2\/pages"}],"about":[{"href":"https:\/\/fbhi.se\/sv\/wp-json\/wp\/v2\/types\/page"}],"author":[{"embeddable":true,"href":"https:\/\/fbhi.se\/sv\/wp-json\/wp\/v2\/users\/2"}],"replies":[{"embeddable":true,"href":"https:\/\/fbhi.se\/sv\/wp-json\/wp\/v2\/comments?post=11131"}],"version-history":[{"count":9,"href":"https:\/\/fbhi.se\/sv\/wp-json\/wp\/v2\/pages\/11131\/revisions"}],"predecessor-version":[{"id":12083,"href":"https:\/\/fbhi.se\/sv\/wp-json\/wp\/v2\/pages\/11131\/revisions\/12083"}],"wp:attachment":[{"href":"https:\/\/fbhi.se\/sv\/wp-json\/wp\/v2\/media?parent=11131"}],"curies":[{"name":"wp","href":"https:\/\/api.w.org\/{rel}","templated":true}]}}