{"id":12268,"date":"2025-02-10T19:04:55","date_gmt":"2025-02-10T17:04:55","guid":{"rendered":"https:\/\/fbhi.se\/bjuv\/"},"modified":"2025-02-11T14:58:23","modified_gmt":"2025-02-11T12:58:23","slug":"umea","status":"publish","type":"page","link":"https:\/\/fbhi.se\/sv\/umea\/","title":{"rendered":"Ume\u00e5"},"content":{"rendered":"[vc_row type=&#8221;full_width_background&#8221; full_screen_row_position=&#8221;middle&#8221; column_margin=&#8221;default&#8221; column_direction=&#8221;default&#8221; column_direction_tablet=&#8221;default&#8221; column_direction_phone=&#8221;default&#8221; scene_position=&#8221;center&#8221; top_padding=&#8221;30px&#8221; bottom_padding=&#8221;30px&#8221; text_color=&#8221;dark&#8221; text_align=&#8221;left&#8221; row_border_radius=&#8221;none&#8221; row_border_radius_applies=&#8221;bg&#8221; overflow=&#8221;visible&#8221; overlay_strength=&#8221;0.3&#8243; gradient_direction=&#8221;left_to_right&#8221; shape_divider_color=&#8221;#3452ff&#8221; shape_divider_position=&#8221;bottom&#8221; shape_divider_height=&#8221;40%&#8221; bg_image_animation=&#8221;none&#8221; shape_type=&#8221;straight_section&#8221; gradient_type=&#8221;default&#8221;][vc_column column_padding=&#8221;padding-2-percent&#8221; column_padding_tablet=&#8221;inherit&#8221; column_padding_phone=&#8221;inherit&#8221; column_padding_position=&#8221;all&#8221; column_element_direction_desktop=&#8221;default&#8221; column_element_spacing=&#8221;20px&#8221; desktop_text_alignment=&#8221;default&#8221; tablet_text_alignment=&#8221;default&#8221; phone_text_alignment=&#8221;default&#8221; background_color_opacity=&#8221;1&#8243; background_hover_color_opacity=&#8221;1&#8243; column_backdrop_filter=&#8221;none&#8221; column_shadow=&#8221;none&#8221; column_border_radius=&#8221;none&#8221; column_link_target=&#8221;_self&#8221; column_position=&#8221;default&#8221; gradient_direction=&#8221;left_to_right&#8221; overlay_strength=&#8221;0.3&#8243; width=&#8221;1\/1&#8243; tablet_width_inherit=&#8221;default&#8221; animation_type=&#8221;default&#8221; bg_image_animation=&#8221;none&#8221; border_type=&#8221;simple&#8221; column_border_width=&#8221;none&#8221; column_border_style=&#8221;solid&#8221; column_padding_type=&#8221;default&#8221; gradient_type=&#8221;default&#8221;][vc_row_inner equal_height=&#8221;yes&#8221; content_placement=&#8221;top&#8221; column_margin=&#8221;none&#8221; column_direction=&#8221;default&#8221; column_direction_tablet=&#8221;default&#8221; column_direction_phone=&#8221;default&#8221; text_align=&#8221;left&#8221; row_position=&#8221;default&#8221; row_position_tablet=&#8221;inherit&#8221; row_position_phone=&#8221;inherit&#8221; overflow=&#8221;visible&#8221; pointer_events=&#8221;all&#8221;][vc_column_inner column_padding=&#8221;no-extra-padding&#8221; column_padding_tablet=&#8221;inherit&#8221; column_padding_phone=&#8221;inherit&#8221; column_padding_position=&#8221;all&#8221; column_element_direction_desktop=&#8221;default&#8221; column_element_spacing=&#8221;0px&#8221; desktop_text_alignment=&#8221;default&#8221; tablet_text_alignment=&#8221;default&#8221; phone_text_alignment=&#8221;default&#8221; background_color_opacity=&#8221;1&#8243; background_hover_color_opacity=&#8221;1&#8243; column_backdrop_filter=&#8221;none&#8221; font_color=&#8221;#006885&#8243; column_shadow=&#8221;none&#8221; column_border_radius=&#8221;none&#8221; column_link_target=&#8221;_self&#8221; overflow=&#8221;visible&#8221; gradient_direction=&#8221;left_to_right&#8221; overlay_strength=&#8221;0.3&#8243; width=&#8221;1\/1&#8243; tablet_width_inherit=&#8221;default&#8221; animation_type=&#8221;default&#8221; bg_image_animation=&#8221;none&#8221; border_type=&#8221;simple&#8221; column_border_width=&#8221;none&#8221; column_border_style=&#8221;solid&#8221; column_padding_type=&#8221;default&#8221; gradient_type=&#8221;default&#8221;][vc_column_text el_class=&#8221;ComboH1+H2&#8243;]\n<h1>Ume\u00e5 kommun<\/h1>\n[\/vc_column_text][vc_column_text]\n<h2>samarbetar f\u00f6r hj\u00e4rnh\u00e4lsan<\/h2>\n[\/vc_column_text][\/vc_column_inner][\/vc_row_inner][vc_row_inner equal_height=&#8221;yes&#8221; content_placement=&#8221;top&#8221; column_margin=&#8221;none&#8221; column_direction=&#8221;default&#8221; column_direction_tablet=&#8221;default&#8221; column_direction_phone=&#8221;default&#8221; text_align=&#8221;left&#8221; row_position=&#8221;default&#8221; row_position_tablet=&#8221;inherit&#8221; row_position_phone=&#8221;inherit&#8221; overflow=&#8221;visible&#8221; pointer_events=&#8221;all&#8221;][vc_column_inner column_padding=&#8221;no-extra-padding&#8221; column_padding_tablet=&#8221;inherit&#8221; column_padding_phone=&#8221;inherit&#8221; column_padding_position=&#8221;all&#8221; column_element_direction_desktop=&#8221;default&#8221; column_element_spacing=&#8221;0px&#8221; desktop_text_alignment=&#8221;default&#8221; tablet_text_alignment=&#8221;default&#8221; phone_text_alignment=&#8221;default&#8221; background_color_opacity=&#8221;1&#8243; background_hover_color_opacity=&#8221;1&#8243; column_backdrop_filter=&#8221;none&#8221; font_color=&#8221;#006885&#8243; column_shadow=&#8221;none&#8221; column_border_radius=&#8221;none&#8221; column_link_target=&#8221;_self&#8221; overflow=&#8221;visible&#8221; gradient_direction=&#8221;left_to_right&#8221; overlay_strength=&#8221;0.3&#8243; width=&#8221;1\/1&#8243; tablet_width_inherit=&#8221;default&#8221; animation_type=&#8221;default&#8221; bg_image_animation=&#8221;none&#8221; border_type=&#8221;simple&#8221; column_border_width=&#8221;none&#8221; column_border_style=&#8221;solid&#8221; column_padding_type=&#8221;default&#8221; gradient_type=&#8221;default&#8221;][image_with_animation image_url=&#8221;12275&#8243; image_size=&#8221;full&#8221; animation_type=&#8221;entrance&#8221; animation=&#8221;None&#8221; animation_movement_type=&#8221;transform_y&#8221; hover_animation=&#8221;none&#8221; alignment=&#8221;&#8221; border_radius=&#8221;5px&#8221; box_shadow=&#8221;none&#8221; image_loading=&#8221;default&#8221; max_width=&#8221;100%&#8221; max_width_mobile=&#8221;default&#8221;][\/vc_column_inner][\/vc_row_inner][vc_row_inner equal_height=&#8221;yes&#8221; content_placement=&#8221;top&#8221; column_margin=&#8221;none&#8221; column_direction=&#8221;default&#8221; column_direction_tablet=&#8221;default&#8221; column_direction_phone=&#8221;default&#8221; text_align=&#8221;left&#8221; row_position=&#8221;default&#8221; row_position_tablet=&#8221;inherit&#8221; row_position_phone=&#8221;inherit&#8221; overflow=&#8221;visible&#8221; pointer_events=&#8221;all&#8221;][vc_column_inner column_padding=&#8221;no-extra-padding&#8221; column_padding_tablet=&#8221;inherit&#8221; column_padding_phone=&#8221;inherit&#8221; column_padding_position=&#8221;all&#8221; column_element_direction_desktop=&#8221;default&#8221; column_element_spacing=&#8221;0px&#8221; desktop_text_alignment=&#8221;default&#8221; tablet_text_alignment=&#8221;default&#8221; phone_text_alignment=&#8221;default&#8221; background_color_opacity=&#8221;1&#8243; background_hover_color_opacity=&#8221;1&#8243; column_backdrop_filter=&#8221;none&#8221; font_color=&#8221;#006885&#8243; column_shadow=&#8221;none&#8221; column_border_radius=&#8221;none&#8221; column_link_target=&#8221;_self&#8221; overflow=&#8221;visible&#8221; gradient_direction=&#8221;left_to_right&#8221; overlay_strength=&#8221;0.3&#8243; width=&#8221;5\/6&#8243; tablet_width_inherit=&#8221;default&#8221; animation_type=&#8221;default&#8221; bg_image_animation=&#8221;none&#8221; border_type=&#8221;simple&#8221; column_border_width=&#8221;none&#8221; column_border_style=&#8221;solid&#8221; column_padding_type=&#8221;default&#8221; gradient_type=&#8221;default&#8221;][vc_column_text css=&#8221;.vc_custom_1739212359028{padding-top: 15px !important;padding-right: 12px !important;}&#8221;]<span style=\"color: #000000;\"><strong>Av Ume\u00e5s 133 000 inv\u00e5nare \u00e4r n\u00e4stan 20% \u00f6ver 65 \u00e5r, och antalet bed\u00f6ms \u00f6ka markant de n\u00e4rmaste \u00e5ren. <\/strong><\/span><\/p>\n<p><span style=\"color: #000000;\"><strong>I kommunen p\u00e5g\u00e5r nu m\u00e5nga initiativ som fokuserar p\u00e5 h\u00e4lsofr\u00e4mjande och f\u00f6rebyggande arbete. Det \u00e4r viktigt f\u00f6r att m\u00f6ta den demografiska utvecklingen och f\u00f6r att tillg\u00e4ngliga resurser ska nyttjas p\u00e5 b\u00e4sta s\u00e4tt.<\/strong><\/span>[\/vc_column_text][\/vc_column_inner][vc_column_inner column_padding=&#8221;no-extra-padding&#8221; column_padding_tablet=&#8221;inherit&#8221; column_padding_phone=&#8221;inherit&#8221; column_padding_position=&#8221;all&#8221; column_element_direction_desktop=&#8221;default&#8221; column_element_spacing=&#8221;default&#8221; desktop_text_alignment=&#8221;default&#8221; tablet_text_alignment=&#8221;default&#8221; phone_text_alignment=&#8221;default&#8221; background_color_opacity=&#8221;1&#8243; background_hover_color_opacity=&#8221;1&#8243; column_backdrop_filter=&#8221;none&#8221; column_shadow=&#8221;none&#8221; column_border_radius=&#8221;none&#8221; column_link_target=&#8221;_self&#8221; overflow=&#8221;visible&#8221; gradient_direction=&#8221;left_to_right&#8221; overlay_strength=&#8221;0.3&#8243; width=&#8221;1\/6&#8243; tablet_width_inherit=&#8221;default&#8221; animation_type=&#8221;default&#8221; bg_image_animation=&#8221;none&#8221; border_type=&#8221;simple&#8221; column_border_width=&#8221;none&#8221; column_border_style=&#8221;solid&#8221;][\/vc_column_inner][\/vc_row_inner][vc_row_inner equal_height=&#8221;yes&#8221; content_placement=&#8221;top&#8221; column_margin=&#8221;60px&#8221; column_direction=&#8221;default&#8221; column_direction_tablet=&#8221;default&#8221; column_direction_phone=&#8221;default&#8221; text_align=&#8221;left&#8221; row_position=&#8221;default&#8221; row_position_tablet=&#8221;inherit&#8221; row_position_phone=&#8221;inherit&#8221; overflow=&#8221;visible&#8221; pointer_events=&#8221;all&#8221;][vc_column_inner column_padding=&#8221;no-extra-padding&#8221; column_padding_tablet=&#8221;inherit&#8221; column_padding_phone=&#8221;inherit&#8221; column_padding_position=&#8221;all&#8221; column_element_direction_desktop=&#8221;default&#8221; column_element_spacing=&#8221;default&#8221; desktop_text_alignment=&#8221;default&#8221; tablet_text_alignment=&#8221;default&#8221; phone_text_alignment=&#8221;default&#8221; background_color_opacity=&#8221;1&#8243; background_hover_color_opacity=&#8221;1&#8243; column_backdrop_filter=&#8221;none&#8221; column_shadow=&#8221;none&#8221; column_border_radius=&#8221;none&#8221; column_link_target=&#8221;_self&#8221; overflow=&#8221;visible&#8221; gradient_direction=&#8221;left_to_right&#8221; overlay_strength=&#8221;0.3&#8243; width=&#8221;2\/3&#8243; tablet_width_inherit=&#8221;default&#8221; animation_type=&#8221;default&#8221; bg_image_animation=&#8221;none&#8221; border_type=&#8221;simple&#8221; column_border_width=&#8221;none&#8221; column_border_style=&#8221;solid&#8221; column_padding_type=&#8221;default&#8221; gradient_type=&#8221;default&#8221;][vc_column_text]Man bed\u00f6mer att f\u00f6r\u00e4ndringarna kommer att p\u00e5verka hela samh\u00e4llet och d\u00e4rf\u00f6r beh\u00f6ver kommuner, regioner, n\u00e4ringsliv och civilsamh\u00e4llet samverka. Genom att forma samh\u00e4llet tillsammans kan man st\u00e4rka h\u00e4lsa och v\u00e4lbefinnande p\u00e5 b\u00e5de befolkningsniv\u00e5 och individniv\u00e5.<\/p>\n<p>Tv\u00e5 av de drivande krafterna \u00e4r Kristina Sandgren, verksamhetsutvecklare med uppdrag att implementera det standardiserade insatsf\u00f6rloppet vid demenssjukdom, och Camilla J\u00e4gerving Isaksson, som \u00e4r utvecklingsstrateg med uppdrag inom f\u00f6rebyggande initiativ. Camilla ansvarar ocks\u00e5 f\u00f6r utvecklingen av koncepten Seniortorget och Digitala seniortorget.<\/p>\n<h4><strong>Seniortorg och samverkan<\/strong><\/h4>\n<p>Kristina och Camilla ber\u00e4ttar att Seniortorget har funnits sedan 2021, d\u00e5 Ume\u00e5 kommun skapade konceptet i samr\u00e5d med kommunens seniorer. Sedan dess har konceptet spridits till flera andra kommuner runt om i landet. Seniortorget erbjuder v\u00e4gledning, information och inspiration som berikar seniorlivet. H\u00e4r kan man ta del av arrangemang som fr\u00e4mjar h\u00e4lsan och inspirerar till ett aktivt och rikt liv, i fr\u00e5gor som r\u00f6r kost och motion, sociala aktiviteter, bostadsfr\u00e5gor eller digitalisering i vardagen.<\/p>\n<p>En viktig framg\u00e5ngsfaktor \u00e4r samarbetet med andra verksamheter, partners och civilsamh\u00e4llet. Nya former och arenor f\u00f6r samarbete har vuxit fram och lett till nya arbetss\u00e4tt, l\u00f6sningar, id\u00e9er och innovationer. Bland Seniortorgets samarbetspartners finns exempelvis Frivilligcentralen, studief\u00f6rbund, pension\u00e4rsorganisationer, Region V\u00e4sterbotten och Ume\u00e5 universitet.<\/p>\n<p>Genom de m\u00e5nga samarbetena kan man exempelvis erbjuda tr\u00e4ning, dansgympa, disco, IT-handledning och matinspiration. Det har \u00e4ven ordnats line dance och stolsyoga p\u00e5 torget, med efterf\u00f6ljande fika. Samarbetena har ocks\u00e5 resulterat i initiativet \u201dAktiv v\u00e4nskap \u00f6ver gr\u00e4nserna\u201d, som skapar gemenskap och sammanhang f\u00f6r seniorer och nyanl\u00e4nda, bland annat genom grupper inom matlagning, h\u00e4lsa och r\u00f6relse.<\/p>\n<h4><strong>Fysiskt och digitalt<\/strong><\/h4>\n<p>M\u00f6tesplatsen Seniortorget har ca 1 400 fysiska bes\u00f6kare per m\u00e5nad. N\u00e4r det ordnas f\u00f6rel\u00e4sningar s\u00e4nds dessa \u00e4ven digitalt. Man kan allts\u00e5 se dem hemma, och de brukar ocks\u00e5 visas hos pension\u00e4rsf\u00f6reningar och p\u00e5 Frivilligcentralen och Folkets hus. \u00a0Som ett utm\u00e4rkt komplement till Seniortorget finns ocks\u00e5 webbplatsen Digitala Seniortorget, med information om aktiviteter som riktar sig till kommunens seniorer. Med den h\u00e4r l\u00e4ttillg\u00e4ngliga plattformen vill kommunen, och dess samarbetspartners, sprida kunskap om h\u00e4lsosamt \u00e5ldrande och inspirera fler att delta i aktiviteter.<\/p>\n<h4><strong>Evidensbaserat arbete i alla verksamheter<\/strong><\/h4>\n<p>Inom kommunen samarbetar Kristina med ett brett och kompetent team g\u00e4llande kognitiv h\u00e4lsa. H\u00e4r ing\u00e5r en fysioterapeut, en arbetsterapeut, kommunens demensteam, en anh\u00f6rigkonsulent samt undersk\u00f6terskorna som driver kommunens dagverksamheter. Ume\u00e5 har \u00e5tta dagverksamheter och samtliga \u00e4r stj\u00e4rnm\u00e4rkta enligt Svenskt Demenscentrums certifieringsmodell. Camilla, som \u00e4r inriktad p\u00e5 f\u00f6rebyggande och h\u00e4lsofr\u00e4mjande innovationer och utveckling, samverkar framf\u00f6r allt med andra f\u00f6rvaltningar, regionen, Ume\u00e5 universitet, civilsamh\u00e4llet, andra kommuner samt organisationer p\u00e5 regional, nationell och internationell niv\u00e5.<\/p>\n<h4><strong>Hj\u00e4rntr\u00e4ffen ger st\u00f6d efter diagnos<\/strong><\/h4>\n<p>F\u00f6r att ut\u00f6ka st\u00f6det har kommunen startat Hj\u00e4rntr\u00e4ffen, en \u00f6ppen verksamhet f\u00f6r personer som nyligen diagnosticerats med demenssjukdom. Att leva med en demenssjukdom p\u00e5verkar livets alla delar, och genom Hj\u00e4rntr\u00e4ffen kan personen f\u00e5 st\u00f6ttning i sin nya vardag. Man erbjuds att delta i en mindre grupp med andra i liknande situation och tillsammans utforska omr\u00e5den som motion, mat, gemenskap och hj\u00e4rngympa. Uppl\u00e4gget och inneh\u00e5llet i verksamheten f\u00f6ljer FINGER-modellen. Hj\u00e4rntr\u00e4ffen \u00e4r \u00f6ppen en g\u00e5ng i veckan och \u00e4r avgiftsfri f\u00f6r deltagarna. Gruppen leds av en rehabiliteringsassistent och en undersk\u00f6terska.<\/p>\n<h4><strong>Dagverksamhet med nytt arbetss\u00e4tt<\/strong><\/h4>\n<p>Sedan ett \u00e5r tillbaka arbetar man ocks\u00e5 med en ny inriktning i dagverksamheterna, ett mer h\u00e4lsofr\u00e4mjande och f\u00f6rebyggande arbetss\u00e4tt som har sin utg\u00e5ngspunkt i FINGER-modellen.<\/p>\n<p>Dagverksamheter finns till f\u00f6r personer som har kognitiv svikt eller demenssjukdom, bor kvar i det egna hemmet, inte \u00e4r yrkesverksamma och som av olika sk\u00e4l inte kan vara lika aktiva som tidigare. Genom dagverksamheten f\u00e5r personerna tillg\u00e5ng till aktiviteter som hj\u00e4lper dem vara sj\u00e4lvst\u00e4ndiga och bo kvar i sitt hem. Aktiviteterna \u00e4r individuellt anpassade utifr\u00e5n behov och \u00f6nskem\u00e5l, men innefattar vid varje tillf\u00e4lle n\u00e5gon form av fysisk tr\u00e4ning, bra kost, hj\u00e4rngymnastik och social gemenskap.<\/p>\n<p>I Ume\u00e5 finns det dagverksamheter med olika inriktningar, beroende p\u00e5 den enskildes behov, och de fungerar ocks\u00e5 som avl\u00f6sning till anh\u00f6riga. Till skillnad fr\u00e5n Hj\u00e4rntr\u00e4ffen \u00e4r dagverksamheten behovspr\u00f6vad.<\/p>\n<h4><strong>Prim\u00e4rv\u00e5rden \u00e4r viktig<\/strong><\/h4>\n<p>Nu f\u00f6rs\u00f6ker man ocks\u00e5 bygga ett n\u00e4rmare samarbete med h\u00e4lsocentralerna. Kristina och Camilla vill g\u00e4rna knyta samman v\u00e5rdcentraler och kommunalt f\u00f6rebyggande arbete p\u00e5 ett effektivt s\u00e4tt. Det vore toppen att f\u00e5 till den d\u00e4r guldbiljetten, som Liding\u00f6 stad ber\u00e4ttat om, och som g\u00f6r det smidigare f\u00f6r deltagare i livsstilsprogram att bli unders\u00f6kta p\u00e5 v\u00e5rdcentral. Ume\u00e5 kommun unders\u00f6ker liknande l\u00f6sningar f\u00f6r att ge st\u00f6d kring det \u201dfemte fingret\u201d, hj\u00e4rt- och k\u00e4rlh\u00e4lsa, men t\u00e4nker \u00e4ven \u201dutanf\u00f6r boxen\u201d f\u00f6r att hitta andra alternativ.<\/p>\n<h4><strong>Att komma ig\u00e5ng<\/strong><\/h4>\n<p>V\u00e5ga starta i liten skala, bygg samarbeten, och vidareutveckla aktiviteterna efter hand. Det \u00e4r Kristinas och Camillas fr\u00e4mst tips till kommuner som vill starta livsstilsbaserade aktiviteter f\u00f6r hj\u00e4rnh\u00e4lsan.<\/p>\n<p>I Ume\u00e5 underl\u00e4ttades arbetet av att Seniortorget redan fanns p\u00e5 plats. Det \u00e4r en utm\u00e4rkt arena f\u00f6r att \u00f6ka kunskapen om livsstilsfaktorer, och hj\u00e4rnh\u00e4lsofr\u00e4mjande aktiviteter kunde ganska l\u00e4tt l\u00e4ggas till programmet. Det bidrog till den snabba starten.<\/p>\n<p>\u201dEn absolut f\u00f6ruts\u00e4ttning \u00e4r att satsningen bygger p\u00e5 forskning\u201d, avslutar Kristina. \u201dDet evidensbaserade arbetss\u00e4ttet genomsyrar hela v\u00e5rt arbete och det skapar trygghet f\u00f6r b\u00e5de medarbetarna och kommunens inv\u00e5nare.\u201d[\/vc_column_text][\/vc_column_inner][vc_column_inner column_padding=&#8221;no-extra-padding&#8221; column_padding_tablet=&#8221;inherit&#8221; column_padding_phone=&#8221;inherit&#8221; column_padding_position=&#8221;all&#8221; column_element_direction_desktop=&#8221;default&#8221; column_element_spacing=&#8221;default&#8221; desktop_text_alignment=&#8221;default&#8221; tablet_text_alignment=&#8221;default&#8221; phone_text_alignment=&#8221;default&#8221; background_color_opacity=&#8221;1&#8243; background_hover_color_opacity=&#8221;1&#8243; column_backdrop_filter=&#8221;none&#8221; column_shadow=&#8221;none&#8221; column_border_radius=&#8221;none&#8221; column_link_target=&#8221;_self&#8221; overflow=&#8221;visible&#8221; gradient_direction=&#8221;left_to_right&#8221; overlay_strength=&#8221;0.3&#8243; width=&#8221;1\/3&#8243; tablet_width_inherit=&#8221;default&#8221; animation_type=&#8221;default&#8221; bg_image_animation=&#8221;none&#8221; border_type=&#8221;simple&#8221; column_border_width=&#8221;none&#8221; column_border_style=&#8221;solid&#8221;][divider line_type=&#8221;No Line&#8221;][vc_column_text css=&#8221;.vc_custom_1739212938649{border-top-width: 3px !important;border-right-width: 3px !important;border-bottom-width: 3px !important;border-left-width: 3px !important;padding-top: 10px !important;padding-right: 10px !important;padding-bottom: 10px !important;padding-left: 10px !important;border-left-color: #bcbaba !important;border-left-style: solid !important;border-right-color: #bcbaba !important;border-right-style: solid !important;border-top-color: #bcbaba !important;border-top-style: solid !important;border-bottom-color: #bcbaba !important;border-bottom-style: solid !important;border-radius: 5px !important;}&#8221;]<span style=\"color: #006885;\"><strong>L\u00e4s mer<\/strong><\/span><\/p>\n<p><a href=\"https:\/\/www.umea.se\/omsorgochhjalp\/aldresenior\/aktiviteterochmotesplatserforaldre\/seniortorget.4.7588f853178ecee2e2c7e7d.html\" target=\"_blank\" rel=\"noopener\">Seniortorget<\/a><\/p>\n<p><a href=\"https:\/\/www.umea.se\/omsorgochstod\/aldre\/aktiviteterochmotesplatserforaldre\/seniortorget\/digitalaseniortorget.4.29fcd18218c0eabc4ad347.html\" target=\"_blank\" rel=\"noopener\">Digitala seniortorget<\/a><\/p>\n<p><a href=\"https:\/\/www.umea.se\/omsorgochstod\/aldre\/demens\/hjarntraffenfordigmeddemenssjukdom.4.1d6cfc7318e737fca323c0f.html\">Hj\u00e4rntr\u00e4ffen &#8211; f\u00f6r dig med demenssjukdom<\/a><\/p>\n<p><a href=\"https:\/\/www.umea.se\/omsorgochstod\/anhorig\/anhorigtillaldre\/dagverksamhet.4.7d7d901172bb372c5d4ced.html\">Dagverksamhet<\/a>[\/vc_column_text][divider line_type=&#8221;No Line&#8221;][image_with_animation image_url=&#8221;12298&#8243; image_size=&#8221;full&#8221; animation_type=&#8221;entrance&#8221; animation=&#8221;slide-up&#8221; animation_easing=&#8221;default&#8221; animation_movement_type=&#8221;transform_y&#8221; hover_animation=&#8221;none&#8221; alignment=&#8221;center&#8221; border_radius=&#8221;5px&#8221; box_shadow=&#8221;none&#8221; image_loading=&#8221;skip-lazy-load&#8221; max_width=&#8221;100%&#8221; max_width_mobile=&#8221;default&#8221;][divider line_type=&#8221;No Line&#8221;][image_with_animation image_url=&#8221;12273&#8243; image_size=&#8221;full&#8221; animation_type=&#8221;entrance&#8221; animation=&#8221;slide-up&#8221; animation_easing=&#8221;default&#8221; animation_movement_type=&#8221;transform_y&#8221; hover_animation=&#8221;none&#8221; alignment=&#8221;center&#8221; border_radius=&#8221;5px&#8221; box_shadow=&#8221;none&#8221; image_loading=&#8221;skip-lazy-load&#8221; max_width=&#8221;100%&#8221; max_width_mobile=&#8221;default&#8221;][\/vc_column_inner][\/vc_row_inner][\/vc_column][\/vc_row]\n","protected":false},"excerpt":{"rendered":"<p>[vc_row type=&#8221;full_width_background&#8221; full_screen_row_position=&#8221;middle&#8221; column_margin=&#8221;default&#8221; column_direction=&#8221;default&#8221; column_direction_tablet=&#8221;default&#8221; column_direction_phone=&#8221;default&#8221; scene_position=&#8221;center&#8221; top_padding=&#8221;30px&#8221; bottom_padding=&#8221;30px&#8221; text_color=&#8221;dark&#8221; text_align=&#8221;left&#8221; row_border_radius=&#8221;none&#8221; row_border_radius_applies=&#8221;bg&#8221; overflow=&#8221;visible&#8221; overlay_strength=&#8221;0.3&#8243; gradient_direction=&#8221;left_to_right&#8221; shape_divider_color=&#8221;#3452ff&#8221; shape_divider_position=&#8221;bottom&#8221; shape_divider_height=&#8221;40%&#8221; bg_image_animation=&#8221;none&#8221; shape_type=&#8221;straight_section&#8221; gradient_type=&#8221;default&#8221;][vc_column column_padding=&#8221;padding-2-percent&#8221; column_padding_tablet=&#8221;inherit&#8221; column_padding_phone=&#8221;inherit&#8221; column_padding_position=&#8221;all&#8221; column_element_direction_desktop=&#8221;default&#8221; column_element_spacing=&#8221;20px&#8221; desktop_text_alignment=&#8221;default&#8221;&#8230;<\/p>\n","protected":false},"author":2,"featured_media":0,"parent":0,"menu_order":0,"comment_status":"closed","ping_status":"closed","template":"","meta":{"_acf_changed":false,"_monsterinsights_skip_tracking":false,"_monsterinsights_sitenote_active":false,"_monsterinsights_sitenote_note":"","_monsterinsights_sitenote_category":0,"footnotes":""},"class_list":["post-12268","page","type-page","status-publish"],"acf":[],"aioseo_notices":[],"_links":{"self":[{"href":"https:\/\/fbhi.se\/sv\/wp-json\/wp\/v2\/pages\/12268","targetHints":{"allow":["GET"]}}],"collection":[{"href":"https:\/\/fbhi.se\/sv\/wp-json\/wp\/v2\/pages"}],"about":[{"href":"https:\/\/fbhi.se\/sv\/wp-json\/wp\/v2\/types\/page"}],"author":[{"embeddable":true,"href":"https:\/\/fbhi.se\/sv\/wp-json\/wp\/v2\/users\/2"}],"replies":[{"embeddable":true,"href":"https:\/\/fbhi.se\/sv\/wp-json\/wp\/v2\/comments?post=12268"}],"version-history":[{"count":24,"href":"https:\/\/fbhi.se\/sv\/wp-json\/wp\/v2\/pages\/12268\/revisions"}],"predecessor-version":[{"id":12309,"href":"https:\/\/fbhi.se\/sv\/wp-json\/wp\/v2\/pages\/12268\/revisions\/12309"}],"wp:attachment":[{"href":"https:\/\/fbhi.se\/sv\/wp-json\/wp\/v2\/media?parent=12268"}],"curies":[{"name":"wp","href":"https:\/\/api.w.org\/{rel}","templated":true}]}}