{"id":14131,"date":"2026-04-01T17:40:26","date_gmt":"2026-04-01T15:40:26","guid":{"rendered":"https:\/\/fbhi.se\/seminarium-24-mars\/"},"modified":"2026-04-29T08:52:47","modified_gmt":"2026-04-29T06:52:47","slug":"seminarium-21-maj","status":"publish","type":"page","link":"https:\/\/fbhi.se\/sv\/seminarium-21-maj\/","title":{"rendered":"Seminarium 21 maj"},"content":{"rendered":"[vc_row type=&#8221;full_width_background&#8221; full_screen_row_position=&#8221;middle&#8221; column_margin=&#8221;default&#8221; column_direction=&#8221;default&#8221; column_direction_tablet=&#8221;default&#8221; column_direction_phone=&#8221;default&#8221; scene_position=&#8221;center&#8221; top_padding=&#8221;30px&#8221; bottom_padding=&#8221;30px&#8221; text_color=&#8221;dark&#8221; text_align=&#8221;left&#8221; row_border_radius=&#8221;none&#8221; row_border_radius_applies=&#8221;bg&#8221; overflow=&#8221;visible&#8221; overlay_strength=&#8221;0.3&#8243; gradient_direction=&#8221;left_to_right&#8221; shape_divider_color=&#8221;#3452ff&#8221; shape_divider_position=&#8221;bottom&#8221; shape_divider_height=&#8221;40%&#8221; bg_image_animation=&#8221;none&#8221; shape_type=&#8221;straight_section&#8221; gradient_type=&#8221;default&#8221;][vc_column column_padding=&#8221;padding-2-percent&#8221; column_padding_tablet=&#8221;inherit&#8221; column_padding_phone=&#8221;inherit&#8221; column_padding_position=&#8221;all&#8221; column_element_direction_desktop=&#8221;default&#8221; column_element_spacing=&#8221;20px&#8221; desktop_text_alignment=&#8221;default&#8221; tablet_text_alignment=&#8221;default&#8221; phone_text_alignment=&#8221;default&#8221; background_color_opacity=&#8221;1&#8243; background_hover_color_opacity=&#8221;1&#8243; column_backdrop_filter=&#8221;none&#8221; column_shadow=&#8221;none&#8221; column_border_radius=&#8221;none&#8221; column_link_target=&#8221;_self&#8221; column_position=&#8221;default&#8221; gradient_direction=&#8221;left_to_right&#8221; overlay_strength=&#8221;0.3&#8243; width=&#8221;1\/1&#8243; tablet_width_inherit=&#8221;default&#8221; animation_type=&#8221;default&#8221; bg_image_animation=&#8221;none&#8221; border_type=&#8221;simple&#8221; column_border_width=&#8221;none&#8221; column_border_style=&#8221;solid&#8221; column_padding_type=&#8221;default&#8221; gradient_type=&#8221;default&#8221;][vc_row_inner equal_height=&#8221;yes&#8221; content_placement=&#8221;top&#8221; column_margin=&#8221;60px&#8221; column_direction=&#8221;default&#8221; column_direction_tablet=&#8221;default&#8221; column_direction_phone=&#8221;default&#8221; text_align=&#8221;left&#8221; row_position=&#8221;default&#8221; row_position_tablet=&#8221;inherit&#8221; row_position_phone=&#8221;inherit&#8221; overflow=&#8221;visible&#8221; pointer_events=&#8221;all&#8221;][vc_column_inner column_padding=&#8221;no-extra-padding&#8221; column_padding_tablet=&#8221;inherit&#8221; column_padding_phone=&#8221;inherit&#8221; column_padding_position=&#8221;all&#8221; column_element_direction_desktop=&#8221;default&#8221; column_element_spacing=&#8221;default&#8221; desktop_text_alignment=&#8221;default&#8221; tablet_text_alignment=&#8221;default&#8221; phone_text_alignment=&#8221;default&#8221; background_color_opacity=&#8221;1&#8243; background_hover_color_opacity=&#8221;1&#8243; column_backdrop_filter=&#8221;none&#8221; column_shadow=&#8221;none&#8221; column_border_radius=&#8221;none&#8221; column_link_target=&#8221;_self&#8221; overflow=&#8221;visible&#8221; gradient_direction=&#8221;left_to_right&#8221; overlay_strength=&#8221;0.3&#8243; width=&#8221;2\/3&#8243; tablet_width_inherit=&#8221;default&#8221; animation_type=&#8221;default&#8221; bg_image_animation=&#8221;none&#8221; border_type=&#8221;simple&#8221; column_border_width=&#8221;none&#8221; column_border_style=&#8221;solid&#8221; column_padding_type=&#8221;default&#8221; gradient_type=&#8221;default&#8221;][vc_column_text]\n<h5><span style=\"color: #ff6600;\"><strong>Inspirationstillf\u00e4lle 21 maj kl 13-14 (online)<\/strong><\/span><\/h5>\n<h3><span style=\"color: #006885;\"><strong>L\u00e4rdomar fr\u00e5n FINGER-inspirerade aktiviteter<\/strong><\/span><\/h3>\n<p><strong>Planerar du aktiviteter eller program baserade p\u00e5 FINGER-modellen?<\/strong><br \/>\nI det h\u00e4r seminariet f\u00e5r du handfasta tips och r\u00e5d av Liss Elin Larsson, som under flera \u00e5r ansvarat f\u00f6r programmet Tr\u00e4na hj\u00e4rna p\u00e5 Liding\u00f6, och numera samordnar FINGER-implementering p\u00e5 FINGERS Brain Health Institute.<\/p>\n<p>Fokus ligger p\u00e5 goda r\u00e5d och l\u00e4rdomar fr\u00e5n Elins tidigare arbete och de insikter hon f\u00e5tt i samband med p\u00e5g\u00e5ende projekt runt om i Sverige.\u00a0 Det blir \u00e4ven tid f\u00f6r fr\u00e5gor. Seminariet h\u00e5lls via zoom.[\/vc_column_text][divider line_type=&#8221;No Line&#8221;][vc_column_text css=&#8221;.vc_custom_1773408512547{margin-right: 80px !important;padding-top: 5px !important;padding-right: 5px !important;padding-bottom: 5px !important;padding-left: 5px !important;border-radius: 5px !important;}&#8221;]\n<h4><strong><span style=\"color: #006885;\">Anm\u00e4lan<\/span><\/strong><\/h4>\n[\/vc_column_text]<style id=\"wpforms-css-vars-14126\">\n\t\t\t\t#wpforms-14126 {\n\t\t\t\t--wpforms-field-size-input-height: 43px;\n--wpforms-field-size-input-spacing: 15px;\n--wpforms-field-size-font-size: 16px;\n--wpforms-field-size-line-height: 19px;\n--wpforms-field-size-padding-h: 14px;\n--wpforms-field-size-checkbox-size: 16px;\n--wpforms-field-size-sublabel-spacing: 5px;\n--wpforms-field-size-icon-size: 1;\n--wpforms-label-size-font-size: 16px;\n--wpforms-label-size-line-height: 19px;\n--wpforms-label-size-sublabel-font-size: 14px;\n--wpforms-label-size-sublabel-line-height: 17px;\n--wpforms-button-size-font-size: 17px;\n--wpforms-button-size-height: 41px;\n--wpforms-button-size-padding-h: 15px;\n--wpforms-button-size-margin-top: 10px;\n--wpforms-container-shadow-size-box-shadow: none;\n\t\t\t}\n\t\t\t<\/style><div class=\"wpforms-container wpforms-container-full wpforms-render-modern\" id=\"wpforms-14126\"><form id=\"wpforms-form-14126\" class=\"wpforms-validate wpforms-form wpforms-ajax-form\" data-formid=\"14126\" method=\"post\" enctype=\"multipart\/form-data\" action=\"\/sv\/wp-json\/wp\/v2\/pages\/14131\" data-token=\"5d2e2d304fcc148d44cc1f6812353858\" data-token-time=\"1777607260\"><noscript class=\"wpforms-error-noscript\">Aktivera JavaScript i din webbl\u00e4sare f\u00f6r att fylla i formul\u00e4ret.<\/noscript><div id=\"wpforms-error-noscript\" style=\"display: none;\">Aktivera JavaScript i din webbl\u00e4sare f\u00f6r att fylla i formul\u00e4ret.<\/div><div class=\"wpforms-field-container\"><div id=\"wpforms-14126-field_42-container\" class=\"wpforms-field wpforms-field-checkbox\" data-field-id=\"42\"><fieldset><legend class=\"wpforms-field-label\">Inspirationsseminarium 21 maj kl 13-14 <span class=\"wpforms-required-label\" aria-hidden=\"true\">*<\/span><\/legend><ul id=\"wpforms-14126-field_42\" class=\"wpforms-field-required\" data-choice-limit=\"1\"><li class=\"choice-1 depth-1\"><input type=\"checkbox\" id=\"wpforms-14126-field_42_1\" data-rule-check-limit=\"true\" name=\"wpforms[fields][42][]\" value=\"Ja, jag anm\u00e4ler mig till seminariet den 21 maj. Efter seminariet f\u00e5r jag dessutom en l\u00e4nk till inspelningen.\" aria-errormessage=\"wpforms-14126-field_42_1-error\" required ><label class=\"wpforms-field-label-inline\" for=\"wpforms-14126-field_42_1\">Ja, jag anm\u00e4ler mig till seminariet den 21 maj. Efter seminariet f\u00e5r jag dessutom en l\u00e4nk till inspelningen.<\/label><\/li><li class=\"choice-5 depth-1\"><input type=\"checkbox\" id=\"wpforms-14126-field_42_5\" data-rule-check-limit=\"true\" name=\"wpforms[fields][42][]\" value=\"Jag kan inte delta i seminariet den 21 maj, men vill g\u00e4rna f\u00e5 ett mejl n\u00e4r inspelningen finns tillg\u00e4nglig.\" aria-errormessage=\"wpforms-14126-field_42_5-error\" required ><label class=\"wpforms-field-label-inline\" for=\"wpforms-14126-field_42_5\">Jag kan inte delta i seminariet den 21 maj, men vill g\u00e4rna f\u00e5 ett mejl n\u00e4r inspelningen finns tillg\u00e4nglig.<\/label><\/li><\/ul><\/fieldset><\/div><div id=\"wpforms-14126-field_70-container\" class=\"wpforms-field wpforms-field-content\" data-field-id=\"70\"><div id=\"wpforms-14126-field_70\" class=\"wpforms-field-large wpforms-field-row\" aria-errormessage=\"wpforms-14126-field_70-error\"><p><span style=\"color:#006885\"><strong>Kontaktuppgifter<\/strong><\/span><\/p>\n<div class=\"wpforms-field-content-display-frontend-clear\"><\/div><\/div><\/div><div id=\"wpforms-14126-field_26-container\" class=\"wpforms-field wpforms-field-text\" data-field-id=\"26\"><label class=\"wpforms-field-label\" for=\"wpforms-14126-field_26\">F\u00f6rnamn <span class=\"wpforms-required-label\" aria-hidden=\"true\">*<\/span><\/label><input type=\"text\" id=\"wpforms-14126-field_26\" class=\"wpforms-field-medium wpforms-field-required\" name=\"wpforms[fields][26]\" aria-errormessage=\"wpforms-14126-field_26-error\" required><\/div><div id=\"wpforms-14126-field_27-container\" class=\"wpforms-field wpforms-field-text\" data-field-id=\"27\"><label class=\"wpforms-field-label\" for=\"wpforms-14126-field_27\">Efternamn <span class=\"wpforms-required-label\" aria-hidden=\"true\">*<\/span><\/label><input type=\"text\" id=\"wpforms-14126-field_27\" class=\"wpforms-field-medium wpforms-field-required\" name=\"wpforms[fields][27]\" aria-errormessage=\"wpforms-14126-field_27-error\" required><\/div><div id=\"wpforms-14126-field_24-container\" class=\"wpforms-field wpforms-field-email\" data-field-id=\"24\"><label class=\"wpforms-field-label\" for=\"wpforms-14126-field_24\">E-postadress <span class=\"wpforms-required-label\" aria-hidden=\"true\">*<\/span><\/label><input type=\"email\" id=\"wpforms-14126-field_24\" class=\"wpforms-field-medium wpforms-field-required\" name=\"wpforms[fields][24]\" spellcheck=\"false\" aria-errormessage=\"wpforms-14126-field_24-error\" required><\/div><div id=\"wpforms-14126-field_21-container\" class=\"wpforms-field wpforms-field-text\" data-field-id=\"21\"><label class=\"wpforms-field-label\" for=\"wpforms-14126-field_21\">Titel\/Ansvarsomr\u00e5de <span class=\"wpforms-required-label\" aria-hidden=\"true\">*<\/span><\/label><input type=\"text\" id=\"wpforms-14126-field_21\" class=\"wpforms-field-medium wpforms-field-required\" name=\"wpforms[fields][21]\" aria-errormessage=\"wpforms-14126-field_21-error\" required><\/div><div id=\"wpforms-14126-field_4-container\" class=\"wpforms-field wpforms-field-text\" data-field-id=\"4\"><label class=\"wpforms-field-label\" for=\"wpforms-14126-field_4\">Organisation <span class=\"wpforms-required-label\" aria-hidden=\"true\">*<\/span><\/label><input type=\"text\" id=\"wpforms-14126-field_4\" class=\"wpforms-field-medium wpforms-field-required\" name=\"wpforms[fields][4]\" aria-errormessage=\"wpforms-14126-field_4-error\" aria-describedby=\"wpforms-14126-field_4-description\" required><div id=\"wpforms-14126-field_4-description\" class=\"wpforms-field-description\">F\u00f6r kommunanst\u00e4llda \u00e4r det kommunens namn som efterfr\u00e5gas.<\/div><\/div><div id=\"wpforms-14126-field_25-container\" class=\"wpforms-field wpforms-field-text\" data-field-id=\"25\"><label class=\"wpforms-field-label\" for=\"wpforms-14126-field_25\">Avdelning\/Enhet<\/label><input type=\"text\" id=\"wpforms-14126-field_25\" class=\"wpforms-field-medium\" name=\"wpforms[fields][25]\" aria-errormessage=\"wpforms-14126-field_25-error\" ><\/div><div id=\"wpforms-14126-field_69-container\" class=\"wpforms-field wpforms-field-textarea\" data-field-id=\"69\"><label class=\"wpforms-field-label\" for=\"wpforms-14126-field_69\">Det h\u00e4r vill jag g\u00e4rna veta mer om under seminariet:<\/label><textarea id=\"wpforms-14126-field_69\" class=\"wpforms-field-medium\" name=\"wpforms[fields][69]\" aria-errormessage=\"wpforms-14126-field_69-error\" ><\/textarea><\/div><div id=\"wpforms-14126-field_72-container\" class=\"wpforms-field wpforms-field-content\" data-field-id=\"72\"><div id=\"wpforms-14126-field_72\" class=\"wpforms-field-large wpforms-field-row\" aria-errormessage=\"wpforms-14126-field_72-error\"><p><span style=\"color:#006885\"><strong>Behandling av personuppgifter<br \/>\n<\/strong><\/span>De uppgifter du l\u00e4mnar ovan kommer att sparas och anv\u00e4ndas av FINGERS Brain Health Institute (FBHI) i kommunikation som r\u00f6r FINGER-n\u00e4tverket och relaterade aktiviteter. Vissa av uppgifterna kommer ocks\u00e5 att delges v\u00e5ra medarrang\u00f6rer vid olika tillf\u00e4llen, men inte sparas hos medarrang\u00f6rer.<\/p>\n<p>Genom att mejla oss p\u00e5 info@fbhi.se kan du n\u00e4r som helst be att f\u00e5 se vilka uppgifter vi har sparat. Du kan ocks\u00e5 n\u00e4r som helst be oss ta bort eller \u00e4ndra uppgifterna.<\/p>\n<div class=\"wpforms-field-content-display-frontend-clear\"><\/div><\/div><\/div><div id=\"wpforms-14126-field_32-container\" class=\"wpforms-field wpforms-field-gdpr-checkbox\" data-field-id=\"32\"><label class=\"wpforms-field-label\">Medgivande om hantering av personuppgifter <span class=\"wpforms-required-label\" aria-hidden=\"true\">*<\/span><\/label><ul id=\"wpforms-14126-field_32\" class=\"wpforms-field-required\"><li class=\"choice-1\"><input type=\"checkbox\" id=\"wpforms-14126-field_32_1\" name=\"wpforms[fields][32][]\" value=\"Jag godk\u00e4nner att FBHI sparar mina uppgifter i enlighet med vad som beskrivs ovan\" aria-errormessage=\"wpforms-14126-field_32_1-error\" required ><label class=\"wpforms-field-label-inline\" for=\"wpforms-14126-field_32_1\">Jag godk\u00e4nner att FBHI sparar mina uppgifter i enlighet med vad som beskrivs ovan<\/label><\/li><\/ul><\/div><\/div><!-- .wpforms-field-container --><div class=\"wpforms-submit-container\" ><input type=\"hidden\" name=\"wpforms[id]\" value=\"14126\"><input type=\"hidden\" name=\"page_title\" value=\"\"><input type=\"hidden\" name=\"page_url\" value=\"https:\/\/fbhi.se\/sv\/wp-json\/wp\/v2\/pages\/14131\"><input type=\"hidden\" name=\"url_referer\" value=\"\"><button type=\"submit\" name=\"wpforms[submit]\" id=\"wpforms-submit-14126\" class=\"wpforms-submit\" data-alt-text=\"Skickar...\" data-submit-text=\"Skicka\" aria-live=\"assertive\" value=\"wpforms-submit\">Skicka<\/button><img loading=\"lazy\" decoding=\"async\" src=\"https:\/\/fbhi.se\/wp-content\/plugins\/wpforms\/assets\/images\/submit-spin.svg\" class=\"wpforms-submit-spinner\" style=\"display: none;\" width=\"26\" height=\"26\" alt=\"Laddar\"><\/div><\/form><\/div>  <!-- .wpforms-container -->[\/vc_column_inner][vc_column_inner column_padding=&#8221;no-extra-padding&#8221; column_padding_tablet=&#8221;inherit&#8221; column_padding_phone=&#8221;inherit&#8221; column_padding_position=&#8221;all&#8221; column_element_direction_desktop=&#8221;default&#8221; column_element_spacing=&#8221;default&#8221; desktop_text_alignment=&#8221;default&#8221; tablet_text_alignment=&#8221;default&#8221; phone_text_alignment=&#8221;default&#8221; background_color_opacity=&#8221;1&#8243; background_hover_color_opacity=&#8221;1&#8243; column_backdrop_filter=&#8221;none&#8221; column_shadow=&#8221;none&#8221; column_border_radius=&#8221;none&#8221; column_link_target=&#8221;_self&#8221; overflow=&#8221;visible&#8221; gradient_direction=&#8221;left_to_right&#8221; overlay_strength=&#8221;0.3&#8243; width=&#8221;1\/3&#8243; tablet_width_inherit=&#8221;default&#8221; animation_type=&#8221;default&#8221; bg_image_animation=&#8221;none&#8221; border_type=&#8221;simple&#8221; column_border_width=&#8221;none&#8221; column_border_style=&#8221;solid&#8221; column_padding_type=&#8221;default&#8221; gradient_type=&#8221;default&#8221;][divider line_type=&#8221;No Line&#8221;][divider line_type=&#8221;No Line&#8221;][image_with_animation image_url=&#8221;13788&#8243; image_size=&#8221;full&#8221; animation_type=&#8221;entrance&#8221; animation=&#8221;slide-up&#8221; animation_easing=&#8221;default&#8221; animation_movement_type=&#8221;transform_y&#8221; hover_animation=&#8221;none&#8221; alignment=&#8221;center&#8221; border_radius=&#8221;20px&#8221; box_shadow=&#8221;none&#8221; image_loading=&#8221;skip-lazy-load&#8221; max_width=&#8221;100%&#8221; max_width_mobile=&#8221;default&#8221;][divider line_type=&#8221;No Line&#8221;][vc_column_text][\/vc_column_text][\/vc_column_inner][\/vc_row_inner][\/vc_column][\/vc_row]\n","protected":false},"excerpt":{"rendered":"<p>[vc_row type=&#8221;full_width_background&#8221; full_screen_row_position=&#8221;middle&#8221; column_margin=&#8221;default&#8221; column_direction=&#8221;default&#8221; column_direction_tablet=&#8221;default&#8221; column_direction_phone=&#8221;default&#8221; scene_position=&#8221;center&#8221; top_padding=&#8221;30px&#8221; bottom_padding=&#8221;30px&#8221; text_color=&#8221;dark&#8221; text_align=&#8221;left&#8221; row_border_radius=&#8221;none&#8221; row_border_radius_applies=&#8221;bg&#8221; overflow=&#8221;visible&#8221; overlay_strength=&#8221;0.3&#8243; gradient_direction=&#8221;left_to_right&#8221; shape_divider_color=&#8221;#3452ff&#8221; shape_divider_position=&#8221;bottom&#8221; shape_divider_height=&#8221;40%&#8221; bg_image_animation=&#8221;none&#8221; shape_type=&#8221;straight_section&#8221; gradient_type=&#8221;default&#8221;][vc_column column_padding=&#8221;padding-2-percent&#8221; column_padding_tablet=&#8221;inherit&#8221; column_padding_phone=&#8221;inherit&#8221; column_padding_position=&#8221;all&#8221; column_element_direction_desktop=&#8221;default&#8221; column_element_spacing=&#8221;20px&#8221; desktop_text_alignment=&#8221;default&#8221;&#8230;<\/p>\n","protected":false},"author":2,"featured_media":0,"parent":0,"menu_order":0,"comment_status":"closed","ping_status":"closed","template":"","meta":{"_acf_changed":false,"_monsterinsights_skip_tracking":false,"_monsterinsights_sitenote_active":false,"_monsterinsights_sitenote_note":"","_monsterinsights_sitenote_category":0,"footnotes":""},"class_list":["post-14131","page","type-page","status-publish"],"acf":[],"aioseo_notices":[],"_links":{"self":[{"href":"https:\/\/fbhi.se\/sv\/wp-json\/wp\/v2\/pages\/14131","targetHints":{"allow":["GET"]}}],"collection":[{"href":"https:\/\/fbhi.se\/sv\/wp-json\/wp\/v2\/pages"}],"about":[{"href":"https:\/\/fbhi.se\/sv\/wp-json\/wp\/v2\/types\/page"}],"author":[{"embeddable":true,"href":"https:\/\/fbhi.se\/sv\/wp-json\/wp\/v2\/users\/2"}],"replies":[{"embeddable":true,"href":"https:\/\/fbhi.se\/sv\/wp-json\/wp\/v2\/comments?post=14131"}],"version-history":[{"count":5,"href":"https:\/\/fbhi.se\/sv\/wp-json\/wp\/v2\/pages\/14131\/revisions"}],"predecessor-version":[{"id":14132,"href":"https:\/\/fbhi.se\/sv\/wp-json\/wp\/v2\/pages\/14131\/revisions\/14132"}],"wp:attachment":[{"href":"https:\/\/fbhi.se\/sv\/wp-json\/wp\/v2\/media?parent=14131"}],"curies":[{"name":"wp","href":"https:\/\/api.w.org\/{rel}","templated":true}]}}