{"id":9945,"date":"2023-11-21T20:26:20","date_gmt":"2023-11-21T19:26:20","guid":{"rendered":"https:\/\/fbhi.se\/referenser\/"},"modified":"2025-03-09T09:19:57","modified_gmt":"2025-03-09T08:19:57","slug":"referenser","status":"publish","type":"page","link":"https:\/\/fbhi.se\/sv\/referenser\/","title":{"rendered":"Referenser"},"content":{"rendered":"[vc_row type=&#8221;full_width_background&#8221; full_screen_row_position=&#8221;middle&#8221; column_margin=&#8221;default&#8221; column_direction=&#8221;default&#8221; column_direction_tablet=&#8221;default&#8221; column_direction_phone=&#8221;default&#8221; scene_position=&#8221;center&#8221; top_padding=&#8221;30px&#8221; bottom_padding=&#8221;30px&#8221; text_color=&#8221;dark&#8221; text_align=&#8221;left&#8221; row_border_radius=&#8221;none&#8221; row_border_radius_applies=&#8221;bg&#8221; overflow=&#8221;visible&#8221; overlay_strength=&#8221;0.3&#8243; gradient_direction=&#8221;left_to_right&#8221; shape_divider_color=&#8221;#3452ff&#8221; shape_divider_position=&#8221;bottom&#8221; shape_divider_height=&#8221;40%&#8221; bg_image_animation=&#8221;none&#8221; shape_type=&#8221;straight_section&#8221; gradient_type=&#8221;default&#8221;][vc_column column_padding=&#8221;padding-2-percent&#8221; column_padding_tablet=&#8221;inherit&#8221; column_padding_phone=&#8221;inherit&#8221; column_padding_position=&#8221;all&#8221; column_element_direction_desktop=&#8221;default&#8221; column_element_spacing=&#8221;20px&#8221; desktop_text_alignment=&#8221;default&#8221; tablet_text_alignment=&#8221;default&#8221; phone_text_alignment=&#8221;default&#8221; background_color_opacity=&#8221;1&#8243; background_hover_color_opacity=&#8221;1&#8243; column_backdrop_filter=&#8221;none&#8221; column_shadow=&#8221;none&#8221; column_border_radius=&#8221;none&#8221; column_link_target=&#8221;_self&#8221; column_position=&#8221;default&#8221; gradient_direction=&#8221;left_to_right&#8221; overlay_strength=&#8221;0.3&#8243; width=&#8221;1\/1&#8243; tablet_width_inherit=&#8221;default&#8221; animation_type=&#8221;default&#8221; bg_image_animation=&#8221;none&#8221; border_type=&#8221;simple&#8221; column_border_width=&#8221;none&#8221; column_border_style=&#8221;solid&#8221; column_padding_type=&#8221;default&#8221; gradient_type=&#8221;default&#8221;][vc_row_inner equal_height=&#8221;yes&#8221; content_placement=&#8221;top&#8221; column_margin=&#8221;60px&#8221; column_direction=&#8221;default&#8221; column_direction_tablet=&#8221;default&#8221; column_direction_phone=&#8221;default&#8221; text_align=&#8221;left&#8221; row_position=&#8221;default&#8221; row_position_tablet=&#8221;inherit&#8221; row_position_phone=&#8221;inherit&#8221; overflow=&#8221;visible&#8221; pointer_events=&#8221;all&#8221;][vc_column_inner column_padding=&#8221;no-extra-padding&#8221; column_padding_tablet=&#8221;inherit&#8221; column_padding_phone=&#8221;inherit&#8221; column_padding_position=&#8221;all&#8221; column_element_direction_desktop=&#8221;default&#8221; column_element_spacing=&#8221;default&#8221; desktop_text_alignment=&#8221;default&#8221; tablet_text_alignment=&#8221;default&#8221; phone_text_alignment=&#8221;default&#8221; background_color_opacity=&#8221;1&#8243; background_hover_color_opacity=&#8221;1&#8243; column_backdrop_filter=&#8221;none&#8221; column_shadow=&#8221;none&#8221; column_border_radius=&#8221;none&#8221; column_link_target=&#8221;_self&#8221; overflow=&#8221;visible&#8221; gradient_direction=&#8221;left_to_right&#8221; overlay_strength=&#8221;0.3&#8243; width=&#8221;2\/3&#8243; tablet_width_inherit=&#8221;default&#8221; animation_type=&#8221;default&#8221; bg_image_animation=&#8221;none&#8221; border_type=&#8221;simple&#8221; column_border_width=&#8221;none&#8221; column_border_style=&#8221;solid&#8221; column_padding_type=&#8221;default&#8221; gradient_type=&#8221;default&#8221;][vc_column_text]Akenine, U., Thunborg, C., Kivipelto, M., &amp; Fallahpour, M. (2021). <strong>Experiences of Participation in a Multimodal Preventive Trial MIND-ADMINI Among Persons with Prodromal Alzheimer\u2019s Disease: A Qualitative Study,<\/strong> <em>J Multidiscip Health<\/em>,<em> 15<\/em>, 219-234.<br \/>\n<a href=\"https:\/\/doi.org\/https:\/\/doi.org\/10.2147\/JMDH.S345607\">https:\/\/doi.org\/https:\/\/doi.org\/10.2147\/JMDH.S345607<\/a><\/p>\n<p>Alzheimer\u2019s Disease International (ADI). (2023). <strong><em>Reducing Dementia Risk: Never too early, never too late<\/em><\/strong> (World Alzheimer Report 2023, Issue.<br \/>\n<a href=\"https:\/\/www.alzint.org\/resource\/world-alzheimer-report-2023\/\">https:\/\/www.alzint.org\/resource\/world-alzheimer-report-2023\/<\/a><\/p>\n<p>Biswas, A., Oh, P. I., Faulkner, G. E., Bajaj, R. R., Silver, M. A., Mitchell, M. S., &amp; Alter, D. A. (2015). <strong>Sedentary time and its association with risk for disease incidence, mortality, and hospitalization in adults: a systematic review and meta-analysis.<\/strong> <em>Ann Intern Med<\/em>,<em> 162<\/em>(2), 123-132.<br \/>\n<a href=\"https:\/\/doi.org\/10.7326\/m14-1651\">https:\/\/doi.org\/10.7326\/m14-1651<\/a><\/p>\n<p>Contrepois, K., Wu, S., Moneghetti, K. J., Hornburg, D., Ahadi, S., Tsai, M. S., . . . Snyder, M. P. (2020). <strong>Molecular Choreography of Acute Exercise<\/strong>. <em>Cell<\/em>,<em> 181<\/em>(5), 1112-1130.e1116. <a href=\"https:\/\/doi.org\/10.1016\/j.cell.2020.04.043\">https:\/\/doi.org\/10.1016\/j.cell.2020.04.043<\/a><\/p>\n<p>Del Pozo Cruz, B., Ahmadi, M., Naismith, S. L., &amp; Stamatakis, E. (2022). <strong>Association of Daily Step Count and Intensity With Incident Dementia in 78 430 Adults Living in the UK<\/strong>. <em>JAMA Neurol<\/em>,<em> 79<\/em>(10), 1059-1063.<br \/>\n<a href=\"https:\/\/doi.org\/10.1001\/jamaneurol.2022.2672\">https:\/\/doi.org\/10.1001\/jamaneurol.2022.2672<\/a><\/p>\n<p>Del Pozo Cruz, B., Gallardo-Gomez, D., Del Pozo-Cruz, J., &amp; Ding, D. (2022). <strong>How many steps a day to reduce the risk of all-cause mortality? A dose-response meta-analysis<\/strong>. <em>J Intern Med<\/em>,<em> 291<\/em>(4), 519-521.<br \/>\n<a href=\"https:\/\/doi.org\/10.1111\/joim.13413\">https:\/\/doi.org\/10.1111\/joim.13413<\/a><\/p>\n<p>Ding. M., Qiu, C., Rizzuto, D., Grande,G., Fratiglioni, L. (2020). <strong>Tracing temporal trends in dementia incidence over 25 years in central Stockholm, Sweden<\/strong>. Alzheimers Dement. <a href=\"https:\/\/alz-journals.onlinelibrary.wiley.com\/doi\/10.1002\/alz.12073\">https:\/\/alz-journals.onlinelibrary.wiley.com\/doi\/10.1002\/alz.12073<\/a><\/p>\n<p>Dohrn, I. M., Gardiner, P. A., Winkler, E., &amp; Welmer, A. K. (2020). <strong>Device-measured sedentary behavior and physical activity in older adults differ by demographic and health-related factors<\/strong>. <em>Eur Rev Aging Phys Act<\/em>,<em> 17<\/em>, 8.<br \/>\n<a href=\"https:\/\/doi.org\/10.1186\/s11556-020-00241-x\">https:\/\/doi.org\/10.1186\/s11556-020-00241-x<\/a><\/p>\n<p>Ekblom-Bak, E., B\u00f6rjesson, M., Bergman, F., Bergstr\u00f6m, G., Dahlin-Almevall, A., Drake, I., . . . Ekblom, \u00d6. (2022). <strong>Accelerometer derived physical activity patterns in 27.890 middle-aged adults: The SCAPIS cohort study<\/strong>. <em>Scand J Med Sci Sports<\/em>,<em> 32<\/em>(5), 866-880.<br \/>\n<a href=\"https:\/\/doi.org\/10.1111\/sms.14131\">https:\/\/doi.org\/10.1111\/sms.14131<\/a><\/p>\n<p>Ekblom-Bak, E., Ekblom, \u00d6., Andersson, G., Wallin, P., S\u00f6derling, J., Hemmingsson, E., &amp; Ekblom, B. (2019). <strong>Decline in cardiorespiratory fitness in the Swedish working force between 1995 and 2017<\/strong>. <em>Scand J Med Sci Sports<\/em>,<em> 29<\/em>(2), 232-239.<br \/>\n<a href=\"https:\/\/doi.org\/10.1111\/sms.13328\">https:\/\/doi.org\/10.1111\/sms.13328<\/a><\/p>\n<p>Erickson, K. I., Voss, M. W., Prakash, R. S., Basak, C., Szabo, A., Chaddock, L., . . . Kramer, A. F. (2011). <strong>Exercise training increases size of hippocampus and improves memory<\/strong>. <em>Proc Natl Acad Sci U S A<\/em>,<em> 108<\/em>(7), 3017-3022.<br \/>\n<a href=\"https:\/\/doi.org\/10.1073\/pnas.1015950108\">https:\/\/doi.org\/10.1073\/pnas.1015950108<\/a><\/p>\n<p>Estruch, R., Ros, E., Salas-Salvad\u00f3, J., Covas, M. I., Corella, D., Ar\u00f3s, F., . . . Mart\u00ednez-Gonz\u00e1lez, M. A. (2018). <strong>Primary Prevention of Cardiovascular Disease with a Mediterranean Diet Supplemented with Extra-Virgin Olive Oil or Nuts<\/strong>. <em>N Engl J Med<\/em>,<em> 378<\/em>(25), e34.<br \/>\n<a href=\"https:\/\/doi.org\/10.1056\/NEJMoa1800389\">https:\/\/doi.org\/10.1056\/NEJMoa1800389<\/a><\/p>\n<p>Estruch, R., Ros, E., Salas-Salvad\u00f3, J., Covas, M. I., Corella, D., Ar\u00f3s, F., . . . Mart\u00ednez-Gonz\u00e1lez, M. A. (2013). <strong>Primary prevention of cardiovascular disease with a Mediterranean diet<\/strong>. <em>N Engl J Med<\/em>,<em> 368<\/em>(14), 1279-1290.<br \/>\n<a href=\"https:\/\/doi.org\/10.1056\/NEJMoa1200303\">https:\/\/doi.org\/10.1056\/NEJMoa1200303<\/a><\/p>\n<p>Exalto, L., Kivipelto, M., Barnes, D., Biessels, G.-J., Quesenberry, C., &amp; Whitmer, R. (2011). <strong>Validation of a midlife dementia risk score in a large diverse population<\/strong>. <em>Alzheimer&#8217;s &amp; Dementia<\/em>,<em> 7<\/em>(4, Supplement), S504.<br \/>\n<a href=\"https:\/\/doi.org\/https:\/\/doi.org\/10.1016\/j.jalz.2011.05.2406\">https:\/\/doi.org\/https:\/\/doi.org\/10.1016\/j.jalz.2011.05.2406<\/a><\/p>\n<p>Fadnes, L. T., Okland, J. M., Haaland, O. A., &amp; Johansson, K. A. (2022). <strong>Estimating impact of food choices on life expectancy: A modeling study<\/strong>. <em>PLoS Med<\/em>,<em> 19<\/em>(2), e1003889. <a href=\"https:\/\/doi.org\/10.1371\/journal.pmed.1003889\">https:\/\/doi.org\/10.1371\/journal.pmed.1003889<\/a><\/p>\n<p>Frisell, O., J\u00f6nsson, L., &amp; Wimo, A. (2023). <strong><em>Demenssjukdomarnas samh\u00e4llskostnader i Sverige 2019<\/em><\/strong>. K. Institutet.<br \/>\n<a href=\"https:\/\/wp.ki.se\/predem\/\">https:\/\/wp.ki.se\/predem\/<\/a><\/p>\n<p>GBD 2019 Dementia Forecasting Collaborators. (2022). <strong>Estimation of the global prevalence of dementia in 2019 and forecasted prevalence in 2050: an analysis for the Global Burden of Disease Study 2019<\/strong>. <em>Lancet Public Health<\/em>,<em> 7<\/em>(2), e105-e125.<br \/>\n<a href=\"https:\/\/doi.org\/10.1016\/s2468-2667(21)00249-8\">https:\/\/doi.org\/10.1016\/s2468-2667(21)00249-8<\/a><\/p>\n<p>Jia, R. X., Liang, J. H., Xu, Y., &amp; Wang, Y. Q. (2019). <strong>Effects of physical activity and exercise on the cognitive function of patients with Alzheimer disease: a meta-analysis<\/strong>. <em>BMC Geriatr<\/em>,<em> 19<\/em>(1), 181.<br \/>\n<a href=\"https:\/\/doi.org\/10.1186\/s12877-019-1175-2\">https:\/\/doi.org\/10.1186\/s12877-019-1175-2<\/a><\/p>\n<p>King, A. C., &amp; Powell, K. E. (2018). <strong><em>2018 Physical Activity Guidelines Advisory Committee Scientific Report<\/em><\/strong>.<\/p>\n<p>Kivipelto, M., Ngandu, T., Laatikainen, T., Winblad, B., Soininen, H., &amp; Tuomilehto, J. (2006). <strong>Risk score for the prediction of dementia risk in 20 years among middle aged people: a longitudinal, population-based study<\/strong>. <em>Lancet Neurol<\/em>,<em> 5<\/em>(9), 735-741.<br \/>\n<a href=\"https:\/\/doi.org\/10.1016\/s1474-4422(06)70537-3\">https:\/\/doi.org\/10.1016\/s1474-4422(06)70537-3<\/a><\/p>\n<p>Kulmala, J., Ngandu, T., Havulinna, S., Lev\u00e4lahti, E., Lehtisalo, J., Solomon, A., . . . Kivipelto, M. (2019). <strong>The Effect of Multidomain Lifestyle Intervention on Daily Functioning in Older People<\/strong>. <em>J Am Geriatr Soc<\/em>,<em> 67<\/em>(6), 1138-1144.<br \/>\n<a href=\"https:\/\/doi.org\/10.1111\/jgs.15837\">https:\/\/doi.org\/10.1111\/jgs.15837<\/a><\/p>\n<p>Lehtisalo, J., Rusanen, M., Solomon, A., Antikainen, R., Laatikainen, T., Peltonen, M., . . . Ngandu, T. (2022). <strong>Effect of a multi-domain lifestyle intervention on cardiovascular risk in older people: the FINGER trial<\/strong>. <em>European heart journal<\/em>,<em> 43<\/em>(21), 2054-2061.<br \/>\n<a href=\"https:\/\/doi.org\/10.1093\/eurheartj\/ehab922\">https:\/\/doi.org\/10.1093\/eurheartj\/ehab922<\/a><\/p>\n<p>Lisko, I., Kulmala, J., Annetorp, M., Ngandu, T., Mangialasche, F., &amp; Kivipelto, M. (2021). <strong>How can dementia and disability be prevented in older adults: where are we today and where are we going?<\/strong> <em>Journal of Internal Medicine<\/em>,<em> n\/a<\/em>(n\/a).<br \/>\n<a href=\"https:\/\/doi.org\/https:\/\/doi.org\/10.1111\/joim.13227\">https:\/\/doi.org\/https:\/\/doi.org\/10.1111\/joim.13227<\/a><\/p>\n<p>Livingston, G., Huntley, J., Sommerlad, A., Ames, D., Ballard, C., Banerjee, S., . . . Mukadam, N. (2020). <strong>Dementia prevention, intervention, and care: 2020 report of the Lancet Commission<\/strong>. <em>Lancet<\/em>,<em> 396<\/em>(10248), 413-446.<br \/>\n<a href=\"https:\/\/doi.org\/10.1016\/S0140-6736(20)30367-6\">https:\/\/doi.org\/10.1016\/S0140-6736(20)30367-6<\/a><\/p>\n<p>Livingston, G., Huntley, J., Sommerlad, Liu, K.Y., A., Costafreda, S.G., Selbaek, G., Alladi. S., &#8230;Mukadam, N. (2024). Dementia prevention, intervention, and care: 2024 report of the Lancet standing Commission. Lancet, 404 (10452), 572-628. <a href=\"https:\/\/doi.org\/10.1016\/S0140-6736(24)01296-0\" target=\"_blank\" rel=\"noopener\">https:\/\/doi.org\/10.1016\/S0140-6736(24)01296-0<\/a><\/p>\n<p>Livsmedelsverket. (2023). <strong><em>Riksmaten ungdom<\/em><\/strong>.<br \/>\n<a href=\"https:\/\/www.livsmedelsverket.se\/matvanor-halsa--miljo\/matvanor---undersokningar\/riksmaten-ungdom\">https:\/\/www.livsmedelsverket.se\/matvanor-halsa&#8211;miljo\/matvanor&#8212;undersokningar\/riksmaten-ungdom<\/a><\/p>\n<p>Marengoni, A., Rizzuto, D., Fratiglioni, L., Antikainen, R., Laatikainen, T., Lehtisalo, J., . . . Ngandu, T. (2018). T<strong>he Effect of a 2-Year Intervention Consisting of Diet, Physical Exercise, Cognitive Training, and Monitoring of Vascular Risk on Chronic Morbidity-the FINGER Randomized Controlled Trial<\/strong>. <em>J Am Med Dir Assoc<\/em>,<em> 19<\/em>(4), 355-360 e351.<br \/>\n<a href=\"https:\/\/doi.org\/10.1016\/j.jamda.2017.09.020\">https:\/\/doi.org\/10.1016\/j.jamda.2017.09.020<\/a><\/p>\n<p>Mart\u00ednez-Lapiscina, E. H., Clavero, P., Toledo, E., Estruch, R., Salas-Salvad\u00f3, J., San Juli\u00e1n, B., . . . Martinez-Gonzalez, M. (2013). <strong>Mediterranean diet improves cognition: the PREDIMED-NAVARRA randomised trial<\/strong>. <em>J Neurol Neurosurg Psychiatry<\/em>,<em> 84<\/em>(12), 1318-1325.<br \/>\n<a href=\"https:\/\/doi.org\/10.1136\/jnnp-2012-304792\">https:\/\/doi.org\/10.1136\/jnnp-2012-304792<\/a><\/p>\n<p>Morze, J., Danielewicz, A., Hoffmann, G., &amp; Schwingshackl, L. (2020). <strong>Diet Quality as Assessed by the Healthy Eating Index, Alternate Healthy Eating Index, Dietary Approaches to Stop Hypertension Score, and Health Outcomes: A Second Update of a Systematic Review and Meta-Analysis of Cohort Studies<\/strong>. <em>J Acad Nutr Diet<\/em>,<em> 120<\/em>(12), 1998-2031.e1915.<br \/>\n<a href=\"https:\/\/doi.org\/10.1016\/j.jand.2020.08.076\">https:\/\/doi.org\/10.1016\/j.jand.2020.08.076<\/a><\/p>\n<p>Ngandu, T., Lehtisalo, J., Korkki, S., Solomon, A., Coley, N., Antikainen, R., . . . Kivipelto, M. (2022). <strong>The effect of adherence on cognition in a multidomain lifestyle intervention (FINGER)<\/strong>. <em>Alzheimers Dement<\/em>,<em> 18<\/em>(7), 1325-1334.<br \/>\n<a href=\"https:\/\/doi.org\/10.1002\/alz.12492\">https:\/\/doi.org\/10.1002\/alz.12492<\/a><\/p>\n<p>Ngandu, T., Lehtisalo, J., Solomon, A., Levalahti, E., Ahtiluoto, S., Antikainen, R., . . . Kivipelto, M. (2015). <strong>A 2 year multidomain intervention of diet, exercise, cognitive training, and vascular risk monitoring versus control to prevent cognitive decline in at-risk elderly people (FINGER): a randomised controlled trial<\/strong>. <em>Lancet<\/em>,<em> 385<\/em>(9984), 2255-2263.<br \/>\n<a href=\"https:\/\/doi.org\/10.1016\/S0140-6736(15)60461-5\">https:\/\/doi.org\/10.1016\/S0140-6736(15)60461-5<\/a><\/p>\n<p>Nordic co-operation. (2023). <strong><em>Nordic nutrition recommendations integrating Environmental Aspects<\/em><\/strong>.<br \/>\n<a href=\"https:\/\/pub.norden.org\/nord2023-003\/\">https:\/\/pub.norden.org\/nord2023-003\/<\/a><\/p>\n<p>Radd-Vagenas, S., Duffy, S. L., Naismith, S. L., Brew, B. J., Flood, V. M., &amp; Fiatarone Singh, M. A. (2018). <strong>Effect of the Mediterranean diet on cognition and brain morphology and function: a systematic review of randomized controlled trials<\/strong>. <em>Am J Clin Nutr<\/em>,<em> 107<\/em>(3), 389-404.<br \/>\n<a href=\"https:\/\/doi.org\/10.1093\/ajcn\/nqx070\">https:\/\/doi.org\/10.1093\/ajcn\/nqx070<\/a><\/p>\n<p>Rosenberg, A., Mangialasche, F., Ngandu, T., Solomon, A., &amp; Kivipelto, M. (2020). <strong>Multidomain Interventions to Prevent Cognitive Impairment, Alzheimer&#8217;s Disease, and Dementia: From FINGER to World-Wide FINGERS<\/strong>. <em>J Prev Alzheimers Dis<\/em>,<em> 7<\/em>(1), 29-36.<br \/>\n<a href=\"https:\/\/doi.org\/10.14283\/jpad.2019.41\">https:\/\/doi.org\/10.14283\/jpad.2019.41<\/a><\/p>\n<p>Sindi, S., Thunborg, C., Rosenberg, A., Andersen, P., Andrieu, S., Broersen, L. M., . . . Kivipelto, M. (2022). <strong>Multimodal Preventive Trial for Alzheimer&#8217;s Disease: MIND-ADmini Pilot Trial Study Design and Progress<\/strong>. <em>J Prev Alzheimers Dis<\/em>,<em> 9<\/em>(1), 30-39.<br \/>\n<a href=\"https:\/\/doi.org\/10.14283\/jpad.2022.4\">https:\/\/doi.org\/10.14283\/jpad.2022.4<\/a><\/p>\n<p>Socialdepartementet, Regeringskansliet. (2025). <strong>Varje dag r\u00e4knas. Nationell demensstrategi 2025-2028<\/strong><em>.<br \/>\n<\/em><a href=\"https:\/\/www.regeringen.se\/informationsmaterial\/2025\/01\/varje-dag-raknas-nationell-demensstrategi-20252028\/\"><em>https:\/\/www.regeringen.se\/informationsmaterial\/2025\/01\/varje-dag-raknas-nationell-demensstrategi-20252028\/<\/em><\/a><\/p>\n<p>Solomon, A., Turunen, H., Ngandu, T., Peltonen, M., Levalahti, E., Helisalmi, S., . . . Kivipelto, M. (2018). <strong>Effect of the Apolipoprotein E Genotype on Cognitive Change During a Multidomain Lifestyle Intervention: A Subgroup Analysis of a Randomized Clinical Trial<\/strong>. <em>JAMA Neurol<\/em>,<em> 75<\/em>(4), 462-470.<br \/>\n<a href=\"https:\/\/doi.org\/10.1001\/jamaneurol.2017.4365\">https:\/\/doi.org\/10.1001\/jamaneurol.2017.4365<\/a><\/p>\n<p>Spartano, N. L., Davis-Plourde, K. L., Himali, J. J., Andersson, C., Pase, M. P., Maillard, P., . . . Seshadri, S. (2019). <strong>Association of Accelerometer-Measured Light-Intensity Physical Activity With Brain Volume: The Framingham Heart Study<\/strong>. <em>JAMA Netw Open<\/em>,<em> 2<\/em>(4), e192745.<br \/>\n<a href=\"https:\/\/doi.org\/10.1001\/jamanetworkopen.2019.2745\">https:\/\/doi.org\/10.1001\/jamanetworkopen.2019.2745<\/a><\/p>\n<p>Strandberg, T. E., Lev\u00e4lahti, E., Ngandu, T., Solomon, A., Kivipelto, M., Kivipelto, M., . . . Mangialasche, F. (2017). <strong>Health-related quality of life in a multidomain intervention trial to prevent cognitive decline (FINGER)<\/strong>. <em>European Geriatric Medicine<\/em>,<em> 8<\/em>(2), 164-167.<br \/>\n<a href=\"https:\/\/doi.org\/https:\/\/doi.org\/10.1016\/j.eurger.2016.12.005\">https:\/\/doi.org\/https:\/\/doi.org\/10.1016\/j.eurger.2016.12.005<\/a><\/p>\n<p>S\u00e4\u00e4skilahti, M., Kulmala, J., Nurhonen, M., Lehtisalo, J., Peltonen, M., Mangialasche, F., Laatikainen, T., Strandberg, T., Antikainen, R., Tuomilehto, J., Soininen, H., Kivipelto, M.,\u00a0 Ngandu, T. (2024). <strong>The effect of multidomain lifestyle intervention on health care service use and costs &#8211; secondary analyses from the Finnish Geriatric Intervention Study to Prevent Cognitive Impairment and Disability (FINGER): a randomised controlled trial. <\/strong><em>Age and ageing.<\/em><strong><br \/>\n<\/strong><a href=\"https:\/\/doi.org\/10.1093\/ageing\/afae249\">https:\/\/doi.org\/10.1093\/ageing\/afae249<\/a><\/p>\n<p>Thiesmeier, R., Grande, G., Hofer, S., Orsini, N., Rizzuto, D. (2024). <strong>Temporal Trends in Dementia Incidence in Sweden: Insights from NEAR Data<\/strong><br \/>\n<em>European Journal of Public Health.<\/em> <a href=\"https:\/\/doi.org\/10.1093\/eurpub\/ckae144.646\" target=\"_blank\" rel=\"noopener\">https:\/\/doi.org\/10.1093\/eurpub\/ckae144.646<\/a><\/p>\n<p>Thunborg, C., Wang, R., Rosenberg, A., et al. (2024). <strong>Integrating a multimodal lifestyle intervention with medical food in prodromal Alzheimer\u2019s disease: the MIND-AD<sub>mini<\/sub>\u00a0randomized controlled trial.<\/strong>\u00a0<em>Alz Res Therapy<\/em>\u00a0<strong>16<\/strong>, 118 (2024).\u00a0<a href=\"https:\/\/doi.org\/10.1186\/s13195-024-01468-x\">https:\/\/doi.org\/10.1186\/s13195-024-01468-x<\/a><\/p>\n<p>Wimo, A., Handels, R., Antikainen, R., Eriksdotter, M., Jonsson, L., Knapp, M., . . . Kivipelto, M. (2022). <strong>Dementia prevention: The potential long-term cost-effectiveness of the FINGER prevention program<\/strong>. <em>Alzheimers Dement<\/em>.<br \/>\n<a href=\"https:\/\/doi.org\/10.1002\/alz.12698\">https:\/\/doi.org\/10.1002\/alz.12698<\/a><\/p>\n<p>World Health Organization. (2019). <strong>Risk reduction of cognitive decline and dementia: WHO guidelines<\/strong>. <a href=\"https:\/\/www.who.int\/publications\/i\/item\/risk-reduction-of-cognitive-decline-and-dementia\" target=\"_blank\" rel=\"noopener\">https:\/\/www.who.int\/publications\/i\/item\/risk-reduction-of-cognitive-decline-and-dementia\u00a0<\/a><\/p>\n<p>Yan, S., Fu, W., Wang, C., Mao, J., Liu, B., Zou, L., &amp; Lv, C. (2020). <strong>Association between sedentary behavior and the risk of dementia: a systematic review and meta-analysis<\/strong>. <em>Translational Psychiatry<\/em>,<em> 10<\/em>(1), 112.<br \/>\n<a href=\"https:\/\/doi.org\/10.1038\/s41398-020-0799-5\">https:\/\/doi.org\/10.1038\/s41398-020-0799-5<\/a>[\/vc_column_text][\/vc_column_inner][vc_column_inner column_padding=&#8221;no-extra-padding&#8221; column_padding_tablet=&#8221;inherit&#8221; column_padding_phone=&#8221;inherit&#8221; column_padding_position=&#8221;all&#8221; column_element_direction_desktop=&#8221;default&#8221; column_element_spacing=&#8221;default&#8221; desktop_text_alignment=&#8221;default&#8221; tablet_text_alignment=&#8221;default&#8221; phone_text_alignment=&#8221;default&#8221; background_color_opacity=&#8221;1&#8243; background_hover_color_opacity=&#8221;1&#8243; column_backdrop_filter=&#8221;none&#8221; column_shadow=&#8221;none&#8221; column_border_radius=&#8221;none&#8221; column_link_target=&#8221;_self&#8221; overflow=&#8221;visible&#8221; gradient_direction=&#8221;left_to_right&#8221; overlay_strength=&#8221;0.3&#8243; width=&#8221;1\/3&#8243; tablet_width_inherit=&#8221;default&#8221; animation_type=&#8221;default&#8221; bg_image_animation=&#8221;none&#8221; border_type=&#8221;simple&#8221; column_border_width=&#8221;none&#8221; column_border_style=&#8221;solid&#8221;][image_with_animation image_size=&#8221;full&#8221; animation_type=&#8221;entrance&#8221; animation=&#8221;None&#8221; animation_movement_type=&#8221;transform_y&#8221; hover_animation=&#8221;none&#8221; alignment=&#8221;&#8221; border_radius=&#8221;none&#8221; box_shadow=&#8221;none&#8221; image_loading=&#8221;default&#8221; max_width=&#8221;100%&#8221; max_width_mobile=&#8221;default&#8221;][\/vc_column_inner][\/vc_row_inner][\/vc_column][\/vc_row]\n","protected":false},"excerpt":{"rendered":"<p>[vc_row type=&#8221;full_width_background&#8221; full_screen_row_position=&#8221;middle&#8221; column_margin=&#8221;default&#8221; column_direction=&#8221;default&#8221; column_direction_tablet=&#8221;default&#8221; column_direction_phone=&#8221;default&#8221; scene_position=&#8221;center&#8221; top_padding=&#8221;30px&#8221; bottom_padding=&#8221;30px&#8221; text_color=&#8221;dark&#8221; text_align=&#8221;left&#8221; row_border_radius=&#8221;none&#8221; row_border_radius_applies=&#8221;bg&#8221; overflow=&#8221;visible&#8221; overlay_strength=&#8221;0.3&#8243; gradient_direction=&#8221;left_to_right&#8221; shape_divider_color=&#8221;#3452ff&#8221; shape_divider_position=&#8221;bottom&#8221; shape_divider_height=&#8221;40%&#8221; bg_image_animation=&#8221;none&#8221; shape_type=&#8221;straight_section&#8221; gradient_type=&#8221;default&#8221;][vc_column column_padding=&#8221;padding-2-percent&#8221; column_padding_tablet=&#8221;inherit&#8221; column_padding_phone=&#8221;inherit&#8221; column_padding_position=&#8221;all&#8221; column_element_direction_desktop=&#8221;default&#8221; column_element_spacing=&#8221;20px&#8221; desktop_text_alignment=&#8221;default&#8221;&#8230;<\/p>\n","protected":false},"author":2,"featured_media":0,"parent":0,"menu_order":0,"comment_status":"closed","ping_status":"closed","template":"","meta":{"_acf_changed":false,"_monsterinsights_skip_tracking":false,"_monsterinsights_sitenote_active":false,"_monsterinsights_sitenote_note":"","_monsterinsights_sitenote_category":0,"footnotes":""},"class_list":["post-9945","page","type-page","status-publish"],"acf":[],"aioseo_notices":[],"_links":{"self":[{"href":"https:\/\/fbhi.se\/sv\/wp-json\/wp\/v2\/pages\/9945","targetHints":{"allow":["GET"]}}],"collection":[{"href":"https:\/\/fbhi.se\/sv\/wp-json\/wp\/v2\/pages"}],"about":[{"href":"https:\/\/fbhi.se\/sv\/wp-json\/wp\/v2\/types\/page"}],"author":[{"embeddable":true,"href":"https:\/\/fbhi.se\/sv\/wp-json\/wp\/v2\/users\/2"}],"replies":[{"embeddable":true,"href":"https:\/\/fbhi.se\/sv\/wp-json\/wp\/v2\/comments?post=9945"}],"version-history":[{"count":8,"href":"https:\/\/fbhi.se\/sv\/wp-json\/wp\/v2\/pages\/9945\/revisions"}],"predecessor-version":[{"id":12378,"href":"https:\/\/fbhi.se\/sv\/wp-json\/wp\/v2\/pages\/9945\/revisions\/12378"}],"wp:attachment":[{"href":"https:\/\/fbhi.se\/sv\/wp-json\/wp\/v2\/media?parent=9945"}],"curies":[{"name":"wp","href":"https:\/\/api.w.org\/{rel}","templated":true}]}}