{"id":9993,"date":"2023-05-12T14:38:41","date_gmt":"2023-05-12T12:38:41","guid":{"rendered":"https:\/\/fbhi.se\/how-we-can-help\/"},"modified":"2026-03-10T23:20:08","modified_gmt":"2026-03-10T22:20:08","slug":"implementeringsstod","status":"publish","type":"page","link":"https:\/\/fbhi.se\/sv\/implementeringsstod\/","title":{"rendered":"Implementeringsst\u00f6d"},"content":{"rendered":"[vc_row type=&#8221;full_width_background&#8221; full_screen_row_position=&#8221;middle&#8221; column_margin=&#8221;default&#8221; column_direction=&#8221;default&#8221; column_direction_tablet=&#8221;default&#8221; column_direction_phone=&#8221;default&#8221; scene_position=&#8221;center&#8221; top_padding=&#8221;30px&#8221; bottom_padding=&#8221;30px&#8221; text_color=&#8221;dark&#8221; text_align=&#8221;left&#8221; row_border_radius=&#8221;none&#8221; row_border_radius_applies=&#8221;bg&#8221; overflow=&#8221;visible&#8221; overlay_strength=&#8221;0.3&#8243; gradient_direction=&#8221;left_to_right&#8221; shape_divider_color=&#8221;#3452ff&#8221; shape_divider_position=&#8221;bottom&#8221; shape_divider_height=&#8221;40%&#8221; bg_image_animation=&#8221;none&#8221; shape_type=&#8221;straight_section&#8221; gradient_type=&#8221;default&#8221;][vc_column column_padding=&#8221;padding-2-percent&#8221; column_padding_tablet=&#8221;inherit&#8221; column_padding_phone=&#8221;inherit&#8221; column_padding_position=&#8221;all&#8221; column_element_direction_desktop=&#8221;default&#8221; column_element_spacing=&#8221;20px&#8221; desktop_text_alignment=&#8221;default&#8221; tablet_text_alignment=&#8221;default&#8221; phone_text_alignment=&#8221;default&#8221; background_color_opacity=&#8221;1&#8243; background_hover_color_opacity=&#8221;1&#8243; column_backdrop_filter=&#8221;none&#8221; column_shadow=&#8221;none&#8221; column_border_radius=&#8221;none&#8221; column_link_target=&#8221;_self&#8221; column_position=&#8221;default&#8221; gradient_direction=&#8221;left_to_right&#8221; overlay_strength=&#8221;0.3&#8243; width=&#8221;1\/1&#8243; tablet_width_inherit=&#8221;default&#8221; animation_type=&#8221;default&#8221; bg_image_animation=&#8221;none&#8221; border_type=&#8221;simple&#8221; column_border_width=&#8221;none&#8221; column_border_style=&#8221;solid&#8221; column_padding_type=&#8221;default&#8221; gradient_type=&#8221;default&#8221;][vc_row_inner equal_height=&#8221;yes&#8221; content_placement=&#8221;top&#8221; column_margin=&#8221;none&#8221; column_direction=&#8221;default&#8221; column_direction_tablet=&#8221;default&#8221; column_direction_phone=&#8221;default&#8221; text_align=&#8221;left&#8221; row_position=&#8221;default&#8221; row_position_tablet=&#8221;inherit&#8221; row_position_phone=&#8221;inherit&#8221; overflow=&#8221;visible&#8221; pointer_events=&#8221;all&#8221;][vc_column_inner column_padding=&#8221;no-extra-padding&#8221; column_padding_tablet=&#8221;inherit&#8221; column_padding_phone=&#8221;inherit&#8221; column_padding_position=&#8221;all&#8221; column_element_direction_desktop=&#8221;default&#8221; column_element_spacing=&#8221;0px&#8221; desktop_text_alignment=&#8221;default&#8221; tablet_text_alignment=&#8221;default&#8221; phone_text_alignment=&#8221;default&#8221; background_color_opacity=&#8221;1&#8243; background_hover_color_opacity=&#8221;1&#8243; column_backdrop_filter=&#8221;none&#8221; font_color=&#8221;#006885&#8243; column_shadow=&#8221;none&#8221; column_border_radius=&#8221;none&#8221; column_link_target=&#8221;_self&#8221; overflow=&#8221;visible&#8221; gradient_direction=&#8221;left_to_right&#8221; overlay_strength=&#8221;0.3&#8243; width=&#8221;1\/1&#8243; tablet_width_inherit=&#8221;default&#8221; animation_type=&#8221;default&#8221; bg_image_animation=&#8221;none&#8221; border_type=&#8221;simple&#8221; column_border_width=&#8221;none&#8221; column_border_style=&#8221;solid&#8221; column_padding_type=&#8221;default&#8221; gradient_type=&#8221;default&#8221;][vc_column_text el_class=&#8221;ComboH1+H2&#8243;]\n<h1>Fr\u00e5n forskning till<\/h1>\n[\/vc_column_text][vc_column_text]\n<h2>implementering<\/h2>\n[\/vc_column_text][\/vc_column_inner][\/vc_row_inner][vc_row_inner equal_height=&#8221;yes&#8221; content_placement=&#8221;top&#8221; column_margin=&#8221;60px&#8221; column_direction=&#8221;default&#8221; column_direction_tablet=&#8221;default&#8221; column_direction_phone=&#8221;default&#8221; text_align=&#8221;left&#8221; row_position=&#8221;default&#8221; row_position_tablet=&#8221;inherit&#8221; row_position_phone=&#8221;inherit&#8221; overflow=&#8221;visible&#8221; pointer_events=&#8221;all&#8221;][vc_column_inner column_padding=&#8221;no-extra-padding&#8221; column_padding_tablet=&#8221;inherit&#8221; column_padding_phone=&#8221;inherit&#8221; column_padding_position=&#8221;all&#8221; column_element_direction_desktop=&#8221;default&#8221; column_element_spacing=&#8221;default&#8221; desktop_text_alignment=&#8221;default&#8221; tablet_text_alignment=&#8221;default&#8221; phone_text_alignment=&#8221;default&#8221; background_color_opacity=&#8221;1&#8243; background_hover_color_opacity=&#8221;1&#8243; column_backdrop_filter=&#8221;none&#8221; column_shadow=&#8221;none&#8221; column_border_radius=&#8221;none&#8221; column_link_target=&#8221;_self&#8221; overflow=&#8221;visible&#8221; gradient_direction=&#8221;left_to_right&#8221; overlay_strength=&#8221;0.3&#8243; width=&#8221;1\/2&#8243; tablet_width_inherit=&#8221;default&#8221; animation_type=&#8221;default&#8221; bg_image_animation=&#8221;none&#8221; border_type=&#8221;simple&#8221; column_border_width=&#8221;none&#8221; column_border_style=&#8221;solid&#8221; column_padding_type=&#8221;default&#8221; gradient_type=&#8221;default&#8221;][vc_column_text]<strong><span data-contrast=\"auto\">En av v\u00e5ra prioriteringar \u00e4r att driva och st\u00f6dja implementeringsaktiviteter, s\u00e5 att forskningsresultat kommer till snabb anv\u00e4ndning ute i samh\u00e4llet och f\u00f6r enskilda individer.<\/span><\/strong><\/p>\n<h4><strong>Livskvalitet och samh\u00e4llsnytta<\/strong><\/h4>\n<p><span data-contrast=\"auto\">Vi st\u00f6djer kommuner och v\u00e5rdgivare som vill starta FINGER-inspirerade livsstilsprogram och driva h\u00e4lsofr\u00e4mjande aktiviteter f\u00f6r sina medborgare. <\/span><\/p>\n<p><span data-contrast=\"auto\">Alltfler organisationer b\u00f6rjar se f\u00f6rdelarna med FINGER-modellen, b\u00e5de f\u00f6r enskilda individer och ur ett samh\u00e4llsekonomiskt perspektiv. Att f\u00f6rebygga och bromsa utvecklingen av demenssjukdom g\u00f6r det m\u00f6jligt att omf\u00f6rdela v\u00e5rdresurser och anv\u00e4nda dem d\u00e4r de beh\u00f6vs b\u00e4st.\u00a0\u00a0<\/span><\/p>\n<h4><span data-contrast=\"auto\">\u00d6kat fokus p\u00e5 implementering i Norden<\/span><\/h4>\n<p><span data-contrast=\"auto\">P\u00e5 senare tid har vi \u00f6kat v\u00e5ra insatser vad g\u00e4ller implementering, framf\u00f6r allt i Sverige och Finland. Ett led i detta \u00e4r det FINGER-n\u00e4tverk vi startat i Sverige, och som har en motsvarighet \u00e4ven i Finland. Till det svenska n\u00e4tverket v\u00e4lkomnar vi alla kommuner, v\u00e5rdgivare och beslutsfattare som vill l\u00e4ra sig mer om FINGER-modellen och samverka med andra. Vi ordnar bland annat regelbundna seminarier, skr\u00e4ddarsydda workshops och m\u00f6jligheter till samarbete och erfarenhetsutbyte. <\/span><span data-contrast=\"auto\">\u00a0<\/span>[\/vc_column_text][nectar_btn size=&#8221;large&#8221; button_style=&#8221;see-through-2&#8243; color_override=&#8221;#006885&#8243; hover_color_override=&#8221;#006885&#8243; hover_text_color_override=&#8221;#ffffff&#8221; icon_family=&#8221;none&#8221; text=&#8221;Mer om FINGER-n\u00e4tverket&#8221; url=&#8221;https:\/\/fbhi.se\/sv\/webbinarier&#8221;][divider line_type=&#8221;No Line&#8221;][vc_column_text]\n<h4><span data-contrast=\"auto\">Tr\u00e4na hj\u00e4rna<\/span><\/h4>\n<p><span data-contrast=\"auto\">Liding\u00f6 stads livsstilsprogram Tr\u00e4na hj\u00e4rna \u00e4r ett viktigt samarbete mellan Liding\u00f6 stad, Karolinska Institutet och FBHI. Programmet ger Liding\u00f6s medborgare st\u00f6d att bevara god hj\u00e4rnh\u00e4lsa och ligger ocks\u00e5 till grund f\u00f6r forskning kring effektivitet och processer vad g\u00e4ller FINGER-implementering. Tr\u00e4na hj\u00e4rna \u00e4r det f\u00f6rsta programmet i sitt slag och en inspiration f\u00f6r m\u00e5nga andra kommuner som vill starta liknande aktiviteter.<\/span>[\/vc_column_text][nectar_btn size=&#8221;large&#8221; button_style=&#8221;see-through-2&#8243; color_override=&#8221;#006885&#8243; hover_color_override=&#8221;#006885&#8243; hover_text_color_override=&#8221;#ffffff&#8221; icon_family=&#8221;none&#8221; text=&#8221;Mer om Tr\u00e4na hj\u00e4rna&#8221; url=&#8221;https:\/\/fbhi.se\/sv\/trana-hjarna\/&#8221;][\/vc_column_inner][vc_column_inner column_padding=&#8221;no-extra-padding&#8221; column_padding_tablet=&#8221;inherit&#8221; column_padding_phone=&#8221;inherit&#8221; column_padding_position=&#8221;all&#8221; column_element_direction_desktop=&#8221;default&#8221; column_element_spacing=&#8221;default&#8221; desktop_text_alignment=&#8221;default&#8221; tablet_text_alignment=&#8221;default&#8221; phone_text_alignment=&#8221;default&#8221; background_color_opacity=&#8221;1&#8243; background_hover_color_opacity=&#8221;1&#8243; column_backdrop_filter=&#8221;none&#8221; column_shadow=&#8221;none&#8221; column_border_radius=&#8221;none&#8221; column_link_target=&#8221;_self&#8221; overflow=&#8221;visible&#8221; gradient_direction=&#8221;left_to_right&#8221; overlay_strength=&#8221;0.3&#8243; width=&#8221;1\/2&#8243; tablet_width_inherit=&#8221;default&#8221; animation_type=&#8221;default&#8221; bg_image_animation=&#8221;none&#8221; border_type=&#8221;simple&#8221; column_border_width=&#8221;none&#8221; column_border_style=&#8221;solid&#8221;][image_with_animation image_url=&#8221;8011&#8243; image_size=&#8221;full&#8221; animation_type=&#8221;entrance&#8221; animation=&#8221;slide-up&#8221; animation_easing=&#8221;default&#8221; animation_movement_type=&#8221;transform_y&#8221; hover_animation=&#8221;none&#8221; alignment=&#8221;center&#8221; border_radius=&#8221;20px&#8221; box_shadow=&#8221;none&#8221; image_loading=&#8221;skip-lazy-load&#8221; max_width=&#8221;100%&#8221; max_width_mobile=&#8221;default&#8221;][\/vc_column_inner][\/vc_row_inner][\/vc_column][\/vc_row]\n","protected":false},"excerpt":{"rendered":"<p>[vc_row type=&#8221;full_width_background&#8221; full_screen_row_position=&#8221;middle&#8221; column_margin=&#8221;default&#8221; column_direction=&#8221;default&#8221; column_direction_tablet=&#8221;default&#8221; column_direction_phone=&#8221;default&#8221; scene_position=&#8221;center&#8221; top_padding=&#8221;30px&#8221; bottom_padding=&#8221;30px&#8221; text_color=&#8221;dark&#8221; text_align=&#8221;left&#8221; row_border_radius=&#8221;none&#8221; row_border_radius_applies=&#8221;bg&#8221; overflow=&#8221;visible&#8221; overlay_strength=&#8221;0.3&#8243; gradient_direction=&#8221;left_to_right&#8221; shape_divider_color=&#8221;#3452ff&#8221; shape_divider_position=&#8221;bottom&#8221; shape_divider_height=&#8221;40%&#8221; bg_image_animation=&#8221;none&#8221; shape_type=&#8221;straight_section&#8221; gradient_type=&#8221;default&#8221;][vc_column column_padding=&#8221;padding-2-percent&#8221; column_padding_tablet=&#8221;inherit&#8221; column_padding_phone=&#8221;inherit&#8221; column_padding_position=&#8221;all&#8221; column_element_direction_desktop=&#8221;default&#8221; column_element_spacing=&#8221;20px&#8221; desktop_text_alignment=&#8221;default&#8221;&#8230;<\/p>\n","protected":false},"author":1,"featured_media":0,"parent":0,"menu_order":0,"comment_status":"closed","ping_status":"closed","template":"","meta":{"_acf_changed":false,"_monsterinsights_skip_tracking":false,"_monsterinsights_sitenote_active":false,"_monsterinsights_sitenote_note":"","_monsterinsights_sitenote_category":0,"footnotes":""},"class_list":["post-9993","page","type-page","status-publish"],"acf":[],"aioseo_notices":[],"_links":{"self":[{"href":"https:\/\/fbhi.se\/sv\/wp-json\/wp\/v2\/pages\/9993","targetHints":{"allow":["GET"]}}],"collection":[{"href":"https:\/\/fbhi.se\/sv\/wp-json\/wp\/v2\/pages"}],"about":[{"href":"https:\/\/fbhi.se\/sv\/wp-json\/wp\/v2\/types\/page"}],"author":[{"embeddable":true,"href":"https:\/\/fbhi.se\/sv\/wp-json\/wp\/v2\/users\/1"}],"replies":[{"embeddable":true,"href":"https:\/\/fbhi.se\/sv\/wp-json\/wp\/v2\/comments?post=9993"}],"version-history":[{"count":19,"href":"https:\/\/fbhi.se\/sv\/wp-json\/wp\/v2\/pages\/9993\/revisions"}],"predecessor-version":[{"id":13953,"href":"https:\/\/fbhi.se\/sv\/wp-json\/wp\/v2\/pages\/9993\/revisions\/13953"}],"wp:attachment":[{"href":"https:\/\/fbhi.se\/sv\/wp-json\/wp\/v2\/media?parent=9993"}],"curies":[{"name":"wp","href":"https:\/\/api.w.org\/{rel}","templated":true}]}}